{"id":4020,"date":"2024-03-19T21:28:08","date_gmt":"2024-03-19T20:28:08","guid":{"rendered":"https:\/\/hiddenharmonies.at\/?page_id=4020"},"modified":"2024-03-21T12:52:24","modified_gmt":"2024-03-21T11:52:24","slug":"press","status":"publish","type":"page","link":"https:\/\/hiddenharmonies.at\/de\/press\/","title":{"rendered":"Presse"},"content":{"rendered":"<div data-elementor-type=\"wp-page\" data-elementor-id=\"4020\" class=\"elementor elementor-4020\" data-elementor-post-type=\"page\">\n\t\t\t\t<div class=\"elementor-element elementor-element-aebc01f e-flex e-con-boxed e-con e-parent\" data-id=\"aebc01f\" data-element_type=\"container\" data-e-type=\"container\" data-settings=\"{&quot;background_background&quot;:&quot;classic&quot;}\">\n\t\t\t\t\t<div class=\"e-con-inner\">\n\t\t\t\t<div class=\"elementor-element elementor-element-f667574 elementor-invisible elementor-widget elementor-widget-theme-post-title elementor-page-title elementor-widget-heading\" data-id=\"f667574\" data-element_type=\"widget\" data-e-type=\"widget\" data-settings=\"{&quot;_animation&quot;:&quot;fadeInUp&quot;}\" data-widget_type=\"theme-post-title.default\">\n\t\t\t\t<div class=\"elementor-widget-container\">\n\t\t\t\t\t<h1 class=\"elementor-heading-title elementor-size-default\">Presse<\/h1>\t\t\t\t<\/div>\n\t\t\t\t<\/div>\n\t\t\t\t\t<\/div>\n\t\t\t\t<\/div>\n\t\t<div class=\"elementor-element elementor-element-86e065b e-flex e-con-boxed e-con e-parent\" data-id=\"86e065b\" data-element_type=\"container\" data-e-type=\"container\">\n\t\t\t\t\t<div class=\"e-con-inner\">\n\t\t\t\t<div class=\"elementor-element elementor-element-d23885f elementor-widget elementor-widget-video\" data-id=\"d23885f\" data-element_type=\"widget\" data-e-type=\"widget\" data-settings=\"{&quot;video_type&quot;:&quot;vimeo&quot;}\" data-widget_type=\"video.default\">\n\t\t\t\t<div class=\"elementor-widget-container\">\n\t\t\t\t\t\t\t<div class=\"elementor-wrapper elementor-open-inline\">\n\t\t\t<iframe class=\"elementor-video-iframe\" allowfullscreen allow=\"clipboard-write\" title=\"vimeo Video Player\" src=\"https:\/\/player.vimeo.com\/video\/925802579?color&amp;autopause=0&amp;loop=0&amp;muted=0&amp;title=1&amp;portrait=1&amp;byline=1&amp;h=23b9a34497#t=\" data-no-translation-title=\"\"><\/iframe>\t\t<\/div>\n\t\t\t\t\t\t<\/div>\n\t\t\t\t<\/div>\n\t\t\t\t\t<\/div>\n\t\t\t\t<\/div>\n\t\t<div class=\"elementor-element elementor-element-30cb74b e-flex e-con-boxed e-con e-parent\" data-id=\"30cb74b\" data-element_type=\"container\" data-e-type=\"container\">\n\t\t\t\t\t<div class=\"e-con-inner\">\n\t\t\t\t<div class=\"elementor-element elementor-element-693ec2e elementor-widget elementor-widget-text-editor\" data-id=\"693ec2e\" data-element_type=\"widget\" data-e-type=\"widget\" data-widget_type=\"text-editor.default\">\n\t\t\t\t<div class=\"elementor-widget-container\">\n\t\t\t\t\t\t\t\t\t<div><strong>Pressegespr\u00e4ch <\/strong>vom Donnerstag, den 21. M\u00e4rz um<span class=\"x_Apple-converted-space\">\u00a0<\/span>11:00 Uhr<span class=\"x_Apple-converted-space\">\u00a0<\/span><br \/>in der Halle A der Synchron Stage Vienna, Engelshofengasse 2, 1230 Wien.<\/div><div>\u00a0<\/div><div>Die Gespr\u00e4chspartner:innen:<br \/><strong>Herbert Tucmandl,<span class=\"x_Apple-converted-space\">\u00a0<\/span><\/strong>Projektinitiator und CEO Synchron Stage Vienna<br \/><strong>Sylvia Sagmeister<span class=\"x_Apple-converted-space\">\u00a0<\/span><\/strong>Wissenschaftliche<strong><span class=\"x_Apple-converted-space\">\u00a0<\/span><\/strong>Recherche &amp; Werkzusammenstellung<br \/><strong>Stefan Mendl<\/strong><span class=\"x_Apple-converted-space\">\u00a0<\/span>K\u00fcnstlerische Leitung<\/div><div><span class=\"x_Apple-style-span\"><strong>Irene Suchy<span class=\"x_Apple-converted-space\">\u00a0<\/span><\/strong>\u00d61 Musik-Redakteurin, Universit\u00e4tslektorin und Gr\u00fcnderin der Plattform MusicaFemina<\/span><\/div><div>\u00a0<\/div><div>Projektinitiator <strong>Herbert Tucmandl<\/strong>: \u201eBisher gab es kaum eine ernsthafte Auseinandersetzung mit dem Schaffen von Komponistinnen vergangener Jahrhunderte. Daher halte ich die Wahrscheinlichkeit, hier bedeutende Werke zu entdecken, f\u00fcr besonders hoch. Mit Hidden Harmonies m\u00f6chten wir m\u00f6glichst viele dieser verschollenen Sch\u00e4tze heben, sie f\u00fcr alle h\u00f6rbar und erlebbar machen, einen Diskurs starten und eine Einordnung erm\u00f6glichen. Ehemals beiseite geschobene Werke von Frauen sollen nun den Weg in die Konzerts\u00e4le und ihren Platz in der Musikgeschichte finden.\u201c <\/div><div>\u00a0<\/div><div>F\u00fcr die Umsetzung dieses ambitionierten Projektes konnte Herbert Tucmandl den Pianisten und Professor f\u00fcr Kammermusik an der mdw, <strong>Stefan Mendl<\/strong> als k\u00fcnstlerischen Leiter gewinnen. Stefan Mendl:\u201eAls Lehrender an der mdw konnte ich auf gro\u00dfartige junge K\u00fcnstler:innen zur\u00fcckgreifen, f\u00fcr die sowohl die Entdeckung neuer Werke au\u00dferhalb des Standardrepertoires, als auch die Aufnahmen in der Synchron Stage eine au\u00dfergew\u00f6hnliche Erfahrung waren.\u201c<\/div><div>\u00a0<\/div><div>De Instrumentalp\u00e4dagogin <strong>Sylvia Sagmeister<\/strong> ist verantwortlich f\u00fcr die wissenschaftliche Recherche: \u201eMich hat die gro\u00dfe Anzahl an Komponistinnen fasziniert, allerdings sind von sehr vielen die Werke leider verschollen. Oft waren diese Frauen in ihrer T\u00e4tigkeit auf sich gestellt, sie mussten sehr f\u00fcr ihre Kunst k\u00e4mpfen. Ich freue mich, dass wir ihnen mit diesem Projekt eine Heimat bieten.\u201c<\/div><div><br \/>Das Notenmaterial f\u00fcr Hidden Harmonies stammt gr\u00f6\u00dftenteils aus der Nationalbibliothek, wo noch viele Werke auf Ver\u00f6ffentlichung warten. Bisher wurde dieses beherzte Projekt mit Eigenmitteln und dem hochprofessionellen Team der Synchron Stage Vienna umgesetzt. Die Projektbeteiligten hoffen auf gro\u00dfe Resonanz und Unterst\u00fctzung, die eine Weiterf\u00fchrung m\u00f6glich macht. Denn es warten noch unz\u00e4hlige ungehobene Sch\u00e4tze, allen voran orchestrale Kompositionen, auf ihre Entdeckung und Auff\u00fchrung.<\/div>\t\t\t\t\t\t\t\t<\/div>\n\t\t\t\t<\/div>\n\t\t\t\t\t<\/div>\n\t\t\t\t<\/div>\n\t\t\t\t<\/div>","protected":false},"excerpt":{"rendered":"<p>https:\/\/vimeo.com\/925802579\/23b9a34497Pressegespr\u00e4ch vom Donnerstag, den 21. M\u00e4rz um\u00a011:00 Uhr\u00a0in der Halle A der Synchron Stage Vienna, Engelshofengasse 2, 1230 Wien.\u00a0Die Gespr\u00e4chspartner:innen:Herbert Tucmandl,\u00a0Projektinitiator und CEO Synchron Stage ViennaSylvia Sagmeister\u00a0Wissenschaftliche\u00a0Recherche &amp; WerkzusammenstellungStefan Mendl\u00a0K\u00fcnstlerische LeitungIrene Suchy\u00a0\u00d61 Musik-Redakteurin, Universit\u00e4tslektorin und Gr\u00fcnderin der Plattform MusicaFemina\u00a0Projektinitiator Herbert Tucmandl: \u201eBisher gab es kaum eine ernsthafte Auseinandersetzung mit dem Schaffen von Komponistinnen vergangener Jahrhunderte. [&hellip;]<\/p>\n","protected":false},"author":2,"featured_media":0,"parent":0,"menu_order":0,"comment_status":"closed","ping_status":"closed","template":"","meta":{"site-sidebar-layout":"no-sidebar","site-content-layout":"","ast-site-content-layout":"full-width-container","site-content-style":"default","site-sidebar-style":"default","ast-global-header-display":"","ast-banner-title-visibility":"","ast-main-header-display":"","ast-hfb-above-header-display":"","ast-hfb-below-header-display":"","ast-hfb-mobile-header-display":"","site-post-title":"disabled","ast-breadcrumbs-content":"","ast-featured-img":"disabled","footer-sml-layout":"","ast-disable-related-posts":"","theme-transparent-header-meta":"","adv-header-id-meta":"","stick-header-meta":"","header-above-stick-meta":"","header-main-stick-meta":"","header-below-stick-meta":"","astra-migrate-meta-layouts":"default","ast-page-background-enabled":"default","ast-page-background-meta":{"desktop":{"background-color":"var(--ast-global-color-4)","background-image":"","background-repeat":"repeat","background-position":"center center","background-size":"auto","background-attachment":"scroll","background-type":"","background-media":"","overlay-type":"","overlay-color":"","overlay-opacity":"","overlay-gradient":""},"tablet":{"background-color":"","background-image":"","background-repeat":"repeat","background-position":"center center","background-size":"auto","background-attachment":"scroll","background-type":"","background-media":"","overlay-type":"","overlay-color":"","overlay-opacity":"","overlay-gradient":""},"mobile":{"background-color":"","background-image":"","background-repeat":"repeat","background-position":"center center","background-size":"auto","background-attachment":"scroll","background-type":"","background-media":"","overlay-type":"","overlay-color":"","overlay-opacity":"","overlay-gradient":""}},"ast-content-background-meta":{"desktop":{"background-color":"var(--ast-global-color-5)","background-image":"","background-repeat":"repeat","background-position":"center center","background-size":"auto","background-attachment":"scroll","background-type":"","background-media":"","overlay-type":"","overlay-color":"","overlay-opacity":"","overlay-gradient":""},"tablet":{"background-color":"var(--ast-global-color-5)","background-image":"","background-repeat":"repeat","background-position":"center center","background-size":"auto","background-attachment":"scroll","background-type":"","background-media":"","overlay-type":"","overlay-color":"","overlay-opacity":"","overlay-gradient":""},"mobile":{"background-color":"var(--ast-global-color-5)","background-image":"","background-repeat":"repeat","background-position":"center center","background-size":"auto","background-attachment":"scroll","background-type":"","background-media":"","overlay-type":"","overlay-color":"","overlay-opacity":"","overlay-gradient":""}},"footnotes":""},"class_list":["post-4020","page","type-page","status-publish","hentry"],"_links":{"self":[{"href":"https:\/\/hiddenharmonies.at\/de\/wp-json\/wp\/v2\/pages\/4020","targetHints":{"allow":["GET"]}}],"collection":[{"href":"https:\/\/hiddenharmonies.at\/de\/wp-json\/wp\/v2\/pages"}],"about":[{"href":"https:\/\/hiddenharmonies.at\/de\/wp-json\/wp\/v2\/types\/page"}],"author":[{"embeddable":true,"href":"https:\/\/hiddenharmonies.at\/de\/wp-json\/wp\/v2\/users\/2"}],"replies":[{"embeddable":true,"href":"https:\/\/hiddenharmonies.at\/de\/wp-json\/wp\/v2\/comments?post=4020"}],"version-history":[{"count":25,"href":"https:\/\/hiddenharmonies.at\/de\/wp-json\/wp\/v2\/pages\/4020\/revisions"}],"predecessor-version":[{"id":4054,"href":"https:\/\/hiddenharmonies.at\/de\/wp-json\/wp\/v2\/pages\/4020\/revisions\/4054"}],"wp:attachment":[{"href":"https:\/\/hiddenharmonies.at\/de\/wp-json\/wp\/v2\/media?parent=4020"}],"curies":[{"name":"wp","href":"https:\/\/api.w.org\/{rel}","templated":true}]}}