{"id":3554,"date":"2024-01-23T01:01:50","date_gmt":"2024-01-23T00:01:50","guid":{"rendered":"https:\/\/hiddenharmonies.at\/?page_id=3554"},"modified":"2024-01-23T01:03:03","modified_gmt":"2024-01-23T00:03:03","slug":"privacy-statement","status":"publish","type":"page","link":"https:\/\/hiddenharmonies.at\/de\/privacy-statement\/","title":{"rendered":"DATENSCHUTZERKL\u00c4RUNG"},"content":{"rendered":"<p>Ihre Privatsph\u00e4re ist uns sehr wichtig! Der Schutz Ihrer Daten liegt der Vienna Symphonic Library GmbH am Herzen, daher wird in dieser Datenschutzerkl\u00e4rung erl\u00e4utert, welche Informationen erhoben und wie diese verwendet werden.<\/p>\n\n\n\n<h4 class=\"wp-block-heading\">1. Allgemeines<\/h4>\n\n\n\n<p>S\u00e4mtliche erhobene Daten werden von der Vienna Symphonic Library GmbH gem\u00e4\u00df den Bestimmungen des \u00f6sterreichischen Datenschutzgesetzes (DSG) verarbeitet. Die nachfolgende Datenschutzerkl\u00e4rung bezieht sich ausschlie\u00dflich auf Webseiten der Synchron Stage Vienna sowie auf die Kommunikation via E-Mail oder Telefon.<\/p>\n\n\n\n<h4 class=\"wp-block-heading\">2. Datenerfassung<\/h4>\n\n\n\n<p>Durch Aufruf unserer Webseiten werden durch den jeweils verwendeten Internet-Browser folgende Daten an uns \u00fcbermittelt:<\/p>\n\n\n\n<ul class=\"wp-block-list\">\n<li>Domain-Name<\/li>\n\n\n\n<li>Browsertyp und -version<\/li>\n\n\n\n<li>verwendetes Betriebssystem<\/li>\n\n\n\n<li>Website, von der aus Sie uns besuchen<\/li>\n\n\n\n<li>Website, die Sie besuchen<\/li>\n\n\n\n<li>Datum und Uhrzeit Ihres Zugriffs<\/li>\n\n\n\n<li>IP-Adresse<\/li>\n<\/ul>\n\n\n\n<p>Diese erhobenen Daten werden lediglich zu statistischen Zwecken ausgewertet, um unseren Internetauftritt an die Kundenbed\u00fcrfnisse anzupassen und zu optimieren.<\/p>\n\n\n\n<h4 class=\"wp-block-heading\">3. Verwendung von Cookies<\/h4>\n\n\n\n<p>Cookies sind kleine Textdateien, die der Webbrowser auf Ihrem Ger\u00e4t erzeugt und speichert. Sie dienen der Wiedererkennung bei mehrfacher Nutzung. Wir verwenden diese Informationen unter anderem dazu, unser Onlineangebot zu optimieren und eine automatische Anpassung an Ihre Pr\u00e4ferenzen zu erm\u00f6glichen. Dabei bleiben die Daten lokal am Ger\u00e4t der User und werden nicht von der Vienna Symphonic Library GmbH gesichert. Sie k\u00f6nnen das Speichern von Cookies durch eine entsprechende Einstellung in Ihrem Browser verhindern. In diesem Fall kann es jedoch vorkommen, dass Sie nicht alle Funktionen unserer Websites in vollem Umfang nutzen k\u00f6nnen. In den Cookies werden keine sicherheitsrelevanten oder personenbezogenen Daten gespeichert.<\/p>\n\n\n\n<h4 class=\"wp-block-heading\">4. Tracking durch Google Analytics<\/h4>\n\n\n\n<p>Vienna Symphonic Library GmbH verwendet zur Analyse und Auswertung der Website Google Analytics, ein Service der Google Inc. Hierbei werden Informationen aus Cookies (siehe Punkt 3) an Google \u00fcbertragen. Google speichert und ben\u00fctzt diese Daten, um Berichte \u00fcber die Websiteaktivit\u00e4ten zu erstellen und andere mit der Internetnutzung verbundene Dienstleistungen zu erbringen. Google \u00fcbertr\u00e4gt diese Informationen gegebenenfalls auch an Dritte, sofern dies gesetzlich vorgeschrieben ist oder soweit Dritte diese Daten im Auftrag von Google verarbeiten. Google wird in keinem Fall Ihre IP-Adresse mit den erhobenen Daten in Verbindung bringen. Durch die Nutzung unserer Websites erkl\u00e4ren Sie sich mit der Bearbeitung der erhobenen Daten durch Google in der zuvor beschriebenen Art und Weise und zu dem zuvor benannten Zweck einverstanden.<br><br>Google \u00fcbertr\u00e4gt diese Informationen gegebenenfalls auch an Dritte, sofern dies gesetzlich vorgeschrieben ist oder soweit Dritte diese Daten im Auftrag von Google verarbeiten. Google wird in keinem Fall Ihre IP-Adresse mit den erhobenen Daten in Verbindung bringen. Durch die Nutzung unserer Websites erkl\u00e4ren Sie sich mit der Bearbeitung der erhobenen Daten durch Google in der zuvor beschriebenen Art und Weise und zu dem zuvor benannten Zweck einverstanden.<\/p>\n\n\n\n<h4 class=\"wp-block-heading\">5. Verwendung von eingebetteten YouTube-Videos<\/h4>\n\n\n\n<p>In bestimmten Bereichen der Website sind Komponenten von YouTube integriert. YouTube ist ein Videoportal im Internet, das Produzenten von Videos das kostenfreie Einstellen von Videoclips erm\u00f6glicht und anderen Nutzern die Betrachtung, Kommentierung und Bewertung kostenlos gestattet. Betreibergesellschaft von YouTube ist YouTube, LLC, 901 Cherry Ave., San Bruno, CA 94066, USA. YouTube, LLC ist eine Tochtergesellschaft von Google Inc., 1600 Amphitheatre Pkwy, Mountain View, CA 94043-1351, USA.<\/p>\n\n\n\n<p>Der Internetbrowser auf Ihrem informationstechnologischen System wird automatisch durch die jeweilige YouTube-Komponente veranlasst, eine Darstellung der entsprechenden YouTube-Komponente von YouTube herunterzuladen, wenn eine der Einzelseiten dieser Webseite aufgerufen wird, auf welcher eine YouTube-Komponente (YouTube-Video) integriert wurde. Im Rahmen dieses technischen Verfahrens erhalten YouTube und Google Kenntnis dar\u00fcber, welche konkrete Einzelseite dieser Website besucht wurde. Weitere Informationen zu YouTube k\u00f6nnen unter https:\/\/www.youtube.com\/yt\/about\/de\/ abgerufen werden.&nbsp;<a href=\"https:\/\/www.youtube.com\/yt\/about\/en\/\" target=\"_blank\" rel=\"noreferrer noopener\">https:\/\/www.youtube.com\/yt\/about\/en\/<\/a>.<\/p>\n\n\n\n<p>YouTube erkennt mit dem Aufruf einer Einzelseite, die eine YouTube-Komponente enth\u00e4lt, welche konkrete Seite der Website von Ihnen besucht wurde, wenn Sie gleichzeitig bei YouTube eingeloggt sind. Google und YouTube sammeln diese Informationen und ordnen diese Ihrem YouTube-Benutzerkonto zu. Dies findet unabh\u00e4ngig davon statt, ob Sie ein YouTube-Video anklicken oder nicht. Falls eine derartige \u00dcbermittlung dieser Informationen an YouTube und Google nicht gewollt wird, k\u00f6nnen Sie diese \u00dcbermittlung dadurch verhindern, dass Sie sich vor einem Aufruf der Website aus dem jeweiligen YouTube-Account ausloggen.<\/p>\n\n\n\n<p>Aufschluss \u00fcber die Erhebung, Verarbeitung und Nutzung personenbezogener Daten durch YouTube und Google geben die dazu ver\u00f6ffentlichten Datenschutzbestimmungen von YouTube, die hier abrufbar sind: https:\/\/www.google.de\/intl\/de\/policies\/privacy.&nbsp;<a href=\"https:\/\/www.google.com\/intl\/en\/policies\/privacy\" target=\"_blank\" rel=\"noreferrer noopener\">https:\/\/www.google.com\/intl\/en\/policies\/privacy<\/a>.<\/p>\n\n\n\n<h4 class=\"wp-block-heading\">6. Verwendung von eingebetteten SoundCloud-Audiodateien<\/h4>\n\n\n\n<p>In bestimmten Bereichen der Website sind Komponenten von SoundCloud integriert. Es handelt sich um verlinkte Audiodateien, die bei SoundCloud gespeichert und abrufbar sind. SoundCloud ist ein Online-Musikdienst zum Austausch und zur Distribution von Audiodateien.<\/p>\n\n\n\n<p>Erfolgt auf einer Einzelseite dieser Website ein Klick auf den Button zum Abspielen eines Inhalts von SoundCloud, wird die Datei von SoundCloud geladen. Dadurch erh\u00e4lt SoundCloud alle Informationen, die Ihr Browser automatisch \u00fcbertr\u00e4gt, wie Ihre IP-Adresse. Zus\u00e4tzlich werden eigene Cookies durch SoundCloud auf Ihrem Endger\u00e4t gesetzt, auch wenn Sie kein Nutzerkonto bei SoundCloud besitzen.<\/p>\n\n\n\n<p>SoundCloud sammelt diese Informationen und ordnet diese Ihrem SoundCloud-Account zu, sofern Sie einen besitzen und gleichzeit dort eingeloggt sind. Sollte eine Zuordnung der Informationen nicht erw\u00fcnscht sein, loggen Sie sich bitte vor dem Klick auf die Audiodatei bei SoundCloud aus.<\/p>\n\n\n\n<p>Die Erhebung und Verarbeitung dieser Daten erfolgt ausschlie\u00dflich im Verantwortungsbereich von SoundCloud Limited, 20 Old Bailey, London, EC4M 7 AN, Vereinigtes K\u00f6nigreich. N\u00e4here Informationen \u00fcber die Verarbeitung personenbezogener Daten durch SoundCloud finden Sie in den Datenschutzbestimmungen von SoundCloud: https:\/\/SoundCloud.com\/pages\/privacy.&nbsp;<a href=\"https:\/\/soundcloud.com\/pages\/privacy\" target=\"_blank\" rel=\"noreferrer noopener\">https:\/\/SoundCloud.com\/pages\/privacy<\/a>.<\/p>\n\n\n\n<h4 class=\"wp-block-heading\">7. Verwendung von eingebetteten Spotify-Playlisten<\/h4>\n\n\n\n<p>In bestimmten Bereichen der Website sind Komponenten (Plug-ins) von Spotify integriert. Spotify AB ist ein internationaler Medien-Dienstanbieter und Musik-Streaming-Dienst, wo neben Musik auch H\u00f6rb\u00fccher, Podcasts und Videos gestreamt werden k\u00f6nnen. Betreibergesellschaft von Spotify ist Spotify AB, Regeringsgatan 19, 111 53 Stockholm, Schweden.<\/p>\n\n\n\n<p>Wird eine Einzelseite dieser Webseite aufgerufen, wo eine Spotify Playliste mit Hilfe eines Plug-ins integriert ist, werden Cookies von Spotify in Ihrem Browser platziert und Daten transferiert. Dadurch kann beim Besuch dieser Einzelseiten \u00fcber das Plugin eine direkte Verbindung zwischen Ihrem Browser und dem Spotify-Server hergestellt werden. Spotify erh\u00e4lt dadurch die Information, dass Sie mit Ihrer IP-Adresse unsere Seite besucht haben. Wenn Sie auf Spotify eingeloggt sind, ordnet Spotify Ihren Besuch unserer Seiten Ihrem Benutzerkonto zu. Sollte eine Zuordnung dieser Informationen nicht erw\u00fcnscht sein, loggen Sie sich bitte von Ihrem Spotify-Account aus.<\/p>\n\n\n\n<p>N\u00e4here Informationen, wie Spotify Ihre Daten verarbeitet, sowie Ihre Rechte zum Schutz Ihrer Privatsph\u00e4re finden Sie in der Datenschutzerkl\u00e4rung von Spotify unter https:\/\/www.spotify.com\/de\/legal\/privacy-policy\/.&nbsp;<a href=\"https:\/\/www.spotify.com\/uk\/legal\/privacy-policy\" target=\"_blank\" rel=\"noreferrer noopener\">https:\/\/www.spotify.com\/uk\/legal\/privacy-policy<\/a>.<\/p>\n\n\n\n<h4 class=\"wp-block-heading\">8. Verwendung von eingebetteten Twitter-Nachrichten<\/h4>\n\n\n\n<p>In bestimmten Bereichen der Website sind Komponenten von Twitter integriert. Twitter ist ein \u00f6ffentlich zug\u00e4nglicher Mikroblogging-Dienst, auf welchem die Nutzer sogenannte Tweets, also Kurznachrichten, die auf 280 Zeichen begrenzt sind, ver\u00f6ffentlichen und verbreiten k\u00f6nnen. Betreibergesellschaft von Twitter ist Twitter, Inc., 1355 Market Street, Suite 900, San Francisco, CA 94103, USA.<\/p>\n\n\n\n<p>Durch jeden Aufruf einer der Einzelseiten dieser Website, auf denen eine Twitter-Komponente integriert wurde, wird Ihr Internetbrowser automatisch durch die jeweilige Twitter-Komponente veranlasst, eine Darstellung der entsprechenden Twitter-Komponente von Twitter herunterzuladen. Weitere Informationen zu den Twitter-Buttons sind unter&nbsp;<a href=\"https:\/\/about.twitter.com\/de\/resources\/buttons\" target=\"_blank\" rel=\"noreferrer noopener\">https:\/\/about.twitter.com\/de\/resources\/buttons<\/a>Im Rahmen dieses technischen Verfahrens erh\u00e4lt Twitter Kenntnis dar\u00fcber, welche konkrete Einzelseite unserer Website sie besuchen.<\/p>\n\n\n\n<p>Wenn Sie ein Nutzerkonto bei Twitter haben und gleichzeitig dort eingeloggt sind, erkennt Twitter mit jedem Aufruf unserer Website w\u00e4hrend der gesamten Dauer Ihres Aufenthaltes auf unserer Website, welche konkrete Einzelseite Sie besuchen. Diese Informationen werden durch die Twitter-Komponente gesammelt und Ihrem Twitter-Nutzerkonto zugeordnet. Wenn Sie einen auf unserer Website integrierten Twitter-Button anklicken, werden die damit \u00fcbertragenen Daten und Informationen Ihrem pers\u00f6nlichen Twitter- Nutzerkonto zugeordnet und von Twitter gespeichert und verarbeitet.<\/p>\n\n\n\n<p>Twitter erh\u00e4lt \u00fcber die Twitter-Komponente immer dann eine Information dar\u00fcber, dass Sie unsere Website besucht haben, wenn Sie zum Zeitpunkt des Aufrufs unserer Website gleichzeitig bei Twitter eingeloggt sind. Dies findet unabh\u00e4ngig davon statt, ob Sie die Twitter-Komponente anklicken oder nicht.<\/p>\n\n\n\n<p>Ist eine derartige \u00dcbermittlung dieser Informationen an Twitter nicht gewollt, k\u00f6nnen Sie die \u00dcbermittlung dadurch verhindern, dass Sie sich vor einem Aufruf unserer Website aus ihrem Twitter-Nutzerkonto ausloggen.\n\nN\u00e4here Informationen \u00fcber die Verarbeitung personenbezogener Daten durch Twitter finden Sie in den Datenschutzbestimmungen von Twitter: https:\/\/twitter.com\/privacy?lang=de.&nbsp;<a href=\"https:\/\/twitter.com\/en\/privacy\" target=\"_blank\" rel=\"noreferrer noopener\">https:\/\/twitter.com\/en\/privacy<\/a>.<\/p>","protected":false},"excerpt":{"rendered":"<p>Your privacy is important to us! Vienna Symphonic Library cares about the protection of your data. This privacy statement explains which information is being collected and processed. 1. General Collected data will be carefully handled according to the provisions of the Austrian Federal Data Protection Act. The following statement only refers to the Synchron Stage [&hellip;]<\/p>\n","protected":false},"author":2,"featured_media":0,"parent":0,"menu_order":0,"comment_status":"closed","ping_status":"closed","template":"","meta":{"site-sidebar-layout":"default","site-content-layout":"","ast-site-content-layout":"default","site-content-style":"default","site-sidebar-style":"default","ast-global-header-display":"","ast-banner-title-visibility":"","ast-main-header-display":"","ast-hfb-above-header-display":"","ast-hfb-below-header-display":"","ast-hfb-mobile-header-display":"","site-post-title":"","ast-breadcrumbs-content":"","ast-featured-img":"","footer-sml-layout":"","ast-disable-related-posts":"","theme-transparent-header-meta":"","adv-header-id-meta":"","stick-header-meta":"","header-above-stick-meta":"","header-main-stick-meta":"","header-below-stick-meta":"","astra-migrate-meta-layouts":"default","ast-page-background-enabled":"default","ast-page-background-meta":{"desktop":{"background-color":"var(--ast-global-color-4)","background-image":"","background-repeat":"repeat","background-position":"center center","background-size":"auto","background-attachment":"scroll","background-type":"","background-media":"","overlay-type":"","overlay-color":"","overlay-opacity":"","overlay-gradient":""},"tablet":{"background-color":"","background-image":"","background-repeat":"repeat","background-position":"center center","background-size":"auto","background-attachment":"scroll","background-type":"","background-media":"","overlay-type":"","overlay-color":"","overlay-opacity":"","overlay-gradient":""},"mobile":{"background-color":"","background-image":"","background-repeat":"repeat","background-position":"center center","background-size":"auto","background-attachment":"scroll","background-type":"","background-media":"","overlay-type":"","overlay-color":"","overlay-opacity":"","overlay-gradient":""}},"ast-content-background-meta":{"desktop":{"background-color":"var(--ast-global-color-5)","background-image":"","background-repeat":"repeat","background-position":"center center","background-size":"auto","background-attachment":"scroll","background-type":"","background-media":"","overlay-type":"","overlay-color":"","overlay-opacity":"","overlay-gradient":""},"tablet":{"background-color":"var(--ast-global-color-5)","background-image":"","background-repeat":"repeat","background-position":"center center","background-size":"auto","background-attachment":"scroll","background-type":"","background-media":"","overlay-type":"","overlay-color":"","overlay-opacity":"","overlay-gradient":""},"mobile":{"background-color":"var(--ast-global-color-5)","background-image":"","background-repeat":"repeat","background-position":"center center","background-size":"auto","background-attachment":"scroll","background-type":"","background-media":"","overlay-type":"","overlay-color":"","overlay-opacity":"","overlay-gradient":""}},"footnotes":""},"class_list":["post-3554","page","type-page","status-publish","hentry"],"_links":{"self":[{"href":"https:\/\/hiddenharmonies.at\/de\/wp-json\/wp\/v2\/pages\/3554","targetHints":{"allow":["GET"]}}],"collection":[{"href":"https:\/\/hiddenharmonies.at\/de\/wp-json\/wp\/v2\/pages"}],"about":[{"href":"https:\/\/hiddenharmonies.at\/de\/wp-json\/wp\/v2\/types\/page"}],"author":[{"embeddable":true,"href":"https:\/\/hiddenharmonies.at\/de\/wp-json\/wp\/v2\/users\/2"}],"replies":[{"embeddable":true,"href":"https:\/\/hiddenharmonies.at\/de\/wp-json\/wp\/v2\/comments?post=3554"}],"version-history":[{"count":2,"href":"https:\/\/hiddenharmonies.at\/de\/wp-json\/wp\/v2\/pages\/3554\/revisions"}],"predecessor-version":[{"id":3558,"href":"https:\/\/hiddenharmonies.at\/de\/wp-json\/wp\/v2\/pages\/3554\/revisions\/3558"}],"wp:attachment":[{"href":"https:\/\/hiddenharmonies.at\/de\/wp-json\/wp\/v2\/media?parent=3554"}],"curies":[{"name":"wp","href":"https:\/\/api.w.org\/{rel}","templated":true}]}}