{"id":3548,"date":"2024-01-23T00:54:05","date_gmt":"2024-01-22T23:54:05","guid":{"rendered":"https:\/\/hiddenharmonies.at\/?page_id=3548"},"modified":"2024-01-23T00:57:57","modified_gmt":"2024-01-22T23:57:57","slug":"imprint","status":"publish","type":"page","link":"https:\/\/hiddenharmonies.at\/de\/imprint\/","title":{"rendered":"Impressum"},"content":{"rendered":"<p>Medieninhaber:<br>Vienna Symphonic Library GmbH<br>Engelshofengasse 2<br>1230 Wien<br>office@vsl.co.at<\/p>\n\n\n\n<p class=\"translation-block\">Umsatzsteuer-Identifikationsnummer: ATU50906603\nRegistriert im Handelsregister\nam Handelsgericht Wien, Reg. FN 201460s.<\/p>\n\n\n\n<p>Gesch\u00e4ftsf\u00fchrer: Herbert Tucmandl<\/p>\n\n\n\n<p>Fotocredit by Mendl &amp; Sagmeister<\/p>\n\n\n\n<p><\/p>\n\n\n\n<p><strong>Haftungsausschluss<\/strong><\/p>\n\n\n\n<p>Die auf dieser Website ver\u00f6ffentlichten Inhalte dienen ausschlie\u00dflich der allgemeinen Information und werden von der Vienna Symphonic Library GmbH und der Synchron Stage OG zur Verf\u00fcgung gestellt. Wenngleich wir bem\u00fcht sind, s\u00e4mtliche Inhalte korrekt und auf dem aktuellen Stand zu halten, k\u00f6nnen wir keine Gew\u00e4hr f\u00fcr deren Vollst\u00e4ndigkeit, Genauigkeit, Zuverl\u00e4ssigkeit, Verwendbarkeit sowie Verf\u00fcgbarkeit in Bezug auf die Website und den darauf dargestellten Informationen, Produkten, Diensten sowie relevanten Grafiken geben. Das Vertrauen, das Sie diesen Informationen schenken, erfolgt somit auf eigene Gefahr.<\/p>\n\n\n\n<p>Wir schlie\u00dfen jegliche Haftung f\u00fcr Verluste (inkl. Datenverlust), Sch\u00e4den, Unkosten, finanzielle Aufw\u00e4nde sowie finanzieller Verlust durch Berufsentgang, Verz\u00f6gerungen oder andere Verbindlichkeiten, die im Zusammenhang mit dieser Website oder deren Nutzung stehen, aus.<\/p>\n\n\n\n<p>Diese Website verweist per \u201eLinks\u201c teilweise direkt oder indirekt auf andere Webseiten, deren Inhalt, Darstellung und Verf\u00fcgbarkeit au\u00dferhalb der Kontrolle und Verantwortung der Vienna Symphonic Library GmbH liegen. Die Einbeziehung von Links bedeutet nicht automatisch eine Empfehlung oder Bef\u00fcrwortung der auf diesen Seiten kommunizierten Inhalte.<\/p>\n\n\n\n<p>Wir bem\u00fchen uns um Aufrechterhaltung und einen reibungslosen Betrieb der Website. Die Vienna Symphonic Library GmbH \u00fcbernimmt jedoch keine Verantwortung und Haftung f\u00fcr den Fall, dass die Website oder eine bestimmte Funktion durch technische Probleme, die au\u00dferhalb ihres Einflussbereichs liegen, vor\u00fcbergehend nicht verf\u00fcgbar ist.<\/p>","protected":false},"excerpt":{"rendered":"<p>Media Owner:Vienna Symphonic Library GmbHEngelshofengasse 21230 Wienoffice@vsl.co.at VAT identification number: ATU50906603Registered in the Business Register of theCommercial Court in Vienna, Reg. FN 201460s. Managing Director: Herbert Tucmandl Fotocredit by Mendl &amp; Sagmeister Disclaimer The information contained in this website is for general information purposes only. The information is provided by Vienna Symphonic Library GmbH and [&hellip;]<\/p>\n","protected":false},"author":2,"featured_media":0,"parent":0,"menu_order":0,"comment_status":"closed","ping_status":"closed","template":"","meta":{"site-sidebar-layout":"default","site-content-layout":"","ast-site-content-layout":"narrow-width-container","site-content-style":"default","site-sidebar-style":"default","ast-global-header-display":"","ast-banner-title-visibility":"","ast-main-header-display":"","ast-hfb-above-header-display":"","ast-hfb-below-header-display":"","ast-hfb-mobile-header-display":"","site-post-title":"","ast-breadcrumbs-content":"","ast-featured-img":"","footer-sml-layout":"","ast-disable-related-posts":"","theme-transparent-header-meta":"","adv-header-id-meta":"","stick-header-meta":"","header-above-stick-meta":"","header-main-stick-meta":"","header-below-stick-meta":"","astra-migrate-meta-layouts":"default","ast-page-background-enabled":"default","ast-page-background-meta":{"desktop":{"background-color":"var(--ast-global-color-4)","background-image":"","background-repeat":"repeat","background-position":"center center","background-size":"auto","background-attachment":"scroll","background-type":"","background-media":"","overlay-type":"","overlay-color":"","overlay-opacity":"","overlay-gradient":""},"tablet":{"background-color":"","background-image":"","background-repeat":"repeat","background-position":"center center","background-size":"auto","background-attachment":"scroll","background-type":"","background-media":"","overlay-type":"","overlay-color":"","overlay-opacity":"","overlay-gradient":""},"mobile":{"background-color":"","background-image":"","background-repeat":"repeat","background-position":"center center","background-size":"auto","background-attachment":"scroll","background-type":"","background-media":"","overlay-type":"","overlay-color":"","overlay-opacity":"","overlay-gradient":""}},"ast-content-background-meta":{"desktop":{"background-color":"var(--ast-global-color-5)","background-image":"","background-repeat":"repeat","background-position":"center center","background-size":"auto","background-attachment":"scroll","background-type":"","background-media":"","overlay-type":"","overlay-color":"","overlay-opacity":"","overlay-gradient":""},"tablet":{"background-color":"var(--ast-global-color-5)","background-image":"","background-repeat":"repeat","background-position":"center center","background-size":"auto","background-attachment":"scroll","background-type":"","background-media":"","overlay-type":"","overlay-color":"","overlay-opacity":"","overlay-gradient":""},"mobile":{"background-color":"var(--ast-global-color-5)","background-image":"","background-repeat":"repeat","background-position":"center center","background-size":"auto","background-attachment":"scroll","background-type":"","background-media":"","overlay-type":"","overlay-color":"","overlay-opacity":"","overlay-gradient":""}},"footnotes":""},"class_list":["post-3548","page","type-page","status-publish","hentry"],"_links":{"self":[{"href":"https:\/\/hiddenharmonies.at\/de\/wp-json\/wp\/v2\/pages\/3548","targetHints":{"allow":["GET"]}}],"collection":[{"href":"https:\/\/hiddenharmonies.at\/de\/wp-json\/wp\/v2\/pages"}],"about":[{"href":"https:\/\/hiddenharmonies.at\/de\/wp-json\/wp\/v2\/types\/page"}],"author":[{"embeddable":true,"href":"https:\/\/hiddenharmonies.at\/de\/wp-json\/wp\/v2\/users\/2"}],"replies":[{"embeddable":true,"href":"https:\/\/hiddenharmonies.at\/de\/wp-json\/wp\/v2\/comments?post=3548"}],"version-history":[{"count":2,"href":"https:\/\/hiddenharmonies.at\/de\/wp-json\/wp\/v2\/pages\/3548\/revisions"}],"predecessor-version":[{"id":3552,"href":"https:\/\/hiddenharmonies.at\/de\/wp-json\/wp\/v2\/pages\/3548\/revisions\/3552"}],"wp:attachment":[{"href":"https:\/\/hiddenharmonies.at\/de\/wp-json\/wp\/v2\/media?parent=3548"}],"curies":[{"name":"wp","href":"https:\/\/api.w.org\/{rel}","templated":true}]}}