{"id":2906,"date":"2024-01-15T20:55:46","date_gmt":"2024-01-15T19:55:46","guid":{"rendered":"https:\/\/hiddenharmonies.at\/?page_id=2906"},"modified":"2024-06-14T09:56:08","modified_gmt":"2024-06-14T08:56:08","slug":"the-project","status":"publish","type":"page","link":"https:\/\/hiddenharmonies.at\/de\/the-project\/","title":{"rendered":"Das Projekt"},"content":{"rendered":"<div data-elementor-type=\"wp-page\" data-elementor-id=\"2906\" class=\"elementor elementor-2906\" data-elementor-post-type=\"page\">\n\t\t\t\t<div class=\"elementor-element elementor-element-8b4dbe5 e-con-full e-flex e-con e-parent\" data-id=\"8b4dbe5\" data-element_type=\"container\" data-e-type=\"container\" data-settings=\"{&quot;background_background&quot;:&quot;classic&quot;}\">\n\t\t\t\t<div class=\"elementor-element elementor-element-d889d46 elementor-invisible elementor-widget elementor-widget-heading\" data-id=\"d889d46\" data-element_type=\"widget\" data-e-type=\"widget\" data-settings=\"{&quot;_animation&quot;:&quot;fadeInUp&quot;}\" data-widget_type=\"heading.default\">\n\t\t\t\t<div class=\"elementor-widget-container\">\n\t\t\t\t\t<h2 class=\"elementor-heading-title elementor-size-default\">Das Projekt<\/h2>\t\t\t\t<\/div>\n\t\t\t\t<\/div>\n\t\t\t\t<\/div>\n\t\t<div class=\"elementor-element elementor-element-06995bb e-flex e-con-boxed e-con e-parent\" data-id=\"06995bb\" data-element_type=\"container\" data-e-type=\"container\">\n\t\t\t\t\t<div class=\"e-con-inner\">\n\t\t\t\t<div class=\"elementor-element elementor-element-03c494f elementor-widget elementor-widget-text-editor\" data-id=\"03c494f\" data-element_type=\"widget\" data-e-type=\"widget\" data-widget_type=\"text-editor.default\">\n\t\t\t\t<div class=\"elementor-widget-container\">\n\t\t\t\t\t\t\t\t\t<p><span style=\"background-color: var( --e-global-color-7ba9d6a );\">Frauen wurden bis ins sp\u00e4te 20. Jahrhundert nicht bzw. kaum als ernstzunehmende Komponistinnen wahrgenommen. Aufgrund des gesellschaftlichen Kontextes wurde ihnen  weder derselbe Stellenwert wie ihren m\u00e4nnlichen Kollegen einger\u00e4umt, noch wurde bei  Frauen der Genius verortet, ein herausragendes Werk erschaffen zu k\u00f6nnen. Kompositionen von Frauen erhielten generell nicht dieselbe Aufmerksamkeit wie die Werke ihrer m\u00e4nnlichen Zeitgenossen, somit kam das musikalisches Schaffen von Frauen zu deren Lebzeiten kaum einem breiteren Publikum zu Geh\u00f6r.<\/span><\/p><p><span style=\"background-color: var( --e-global-color-7ba9d6a ); color: var( --e-global-color-text ); font-family: var( --e-global-typography-text-font-family ), Sans-serif; font-style: inherit; font-weight: inherit;\">Projektinitiator Herb Tucmandl vermutete im musikalischen Schaffen von Komponistinnen des 18. \u2013 20. Jahrhunderts, die anno dazumal wenig Be(gut)achtung gefunden hatten, einen besonders hohen Anteil hochqualitativer Werke. Diese Sch\u00e4tze galt und gilt es zu heben, sie zur Auff\u00fchrung zu bringen und ihnen im Nachhinein den ihnen zustehenden Platz in der Musikgeschichte einzur\u00e4umen.<\/span><\/p><p><span style=\"background-color: var( --e-global-color-7ba9d6a ); color: var( --e-global-color-text ); font-family: var( --e-global-typography-text-font-family ), Sans-serif; font-style: inherit; font-weight: inherit;\">Begeisterte Mitstreiter und Mitstreiterinnen f\u00fcr dieses ambitionierte Projekt fand Herb Tucmandl im Pianisten und Professor f\u00fcr Kammermusik an der mdw Stefan Mendl, der Klavierlehrerin und Musikwissenschaftlerin Sylvia Sagmeister sowie dem Team seines in der  Musikbranche t\u00e4tigen Unternehmens Vienna Symphonic Library, das die Synchron Stage Vienna betreibt.<\/span><\/p>\t\t\t\t\t\t\t\t<\/div>\n\t\t\t\t<\/div>\n\t\t\t\t\t<\/div>\n\t\t\t\t<\/div>\n\t\t<div class=\"elementor-element elementor-element-f710874 e-flex e-con-boxed e-con e-parent\" data-id=\"f710874\" data-element_type=\"container\" data-e-type=\"container\">\n\t\t\t\t\t<div class=\"e-con-inner\">\n\t\t\t\t<div class=\"elementor-element elementor-element-e6b81ea elementor-grid-3 elementor-grid-tablet-2 elementor-grid-mobile-1 elementor-posts--thumbnail-top elementor-widget elementor-widget-posts\" data-id=\"e6b81ea\" data-element_type=\"widget\" data-e-type=\"widget\" data-settings=\"{&quot;classic_row_gap&quot;:{&quot;unit&quot;:&quot;px&quot;,&quot;size&quot;:60,&quot;sizes&quot;:[]},&quot;classic_columns&quot;:&quot;3&quot;,&quot;classic_columns_tablet&quot;:&quot;2&quot;,&quot;classic_columns_mobile&quot;:&quot;1&quot;,&quot;classic_row_gap_tablet&quot;:{&quot;unit&quot;:&quot;px&quot;,&quot;size&quot;:&quot;&quot;,&quot;sizes&quot;:[]},&quot;classic_row_gap_mobile&quot;:{&quot;unit&quot;:&quot;px&quot;,&quot;size&quot;:&quot;&quot;,&quot;sizes&quot;:[]}}\" data-widget_type=\"posts.classic\">\n\t\t\t\t<div class=\"elementor-widget-container\">\n\t\t\t\t\t\t\t<div class=\"elementor-posts-container elementor-posts elementor-posts--skin-classic elementor-grid\" role=\"list\">\n\t\t\t\t<article class=\"elementor-post elementor-grid-item post-3207 post type-post status-publish format-standard has-post-thumbnail hentry category-head-of-project\" role=\"listitem\">\n\t\t\t\t<a class=\"elementor-post__thumbnail__link\" href=\"https:\/\/hiddenharmonies.at\/de\/head-of-project\/herbert-tucmandl\/\" tabindex=\"-1\" >\n\t\t\t<div class=\"elementor-post__thumbnail\"><img fetchpriority=\"high\" decoding=\"async\" width=\"600\" height=\"672\" src=\"https:\/\/hiddenharmonies.at\/wp-content\/uploads\/2024\/01\/Herbert-Tucmandl_Pressefoto_edited.jpg\" class=\"attachment-full size-full wp-image-3211\" alt=\"\" srcset=\"https:\/\/hiddenharmonies.at\/wp-content\/uploads\/2024\/01\/Herbert-Tucmandl_Pressefoto_edited.jpg 600w, https:\/\/hiddenharmonies.at\/wp-content\/uploads\/2024\/01\/Herbert-Tucmandl_Pressefoto_edited-268x300.jpg 268w, https:\/\/hiddenharmonies.at\/wp-content\/uploads\/2024\/01\/Herbert-Tucmandl_Pressefoto_edited-11x12.jpg 11w\" sizes=\"(max-width: 600px) 100vw, 600px\" \/><\/div>\n\t\t<\/a>\n\t\t\t\t<div class=\"elementor-post__text\">\n\t\t\t\t<h3 class=\"elementor-post__title\">\n\t\t\t<a href=\"https:\/\/hiddenharmonies.at\/de\/head-of-project\/herbert-tucmandl\/\" >\n\t\t\t\tHerbert Tucmandl\t\t\t<\/a>\n\t\t<\/h3>\n\t\t\t\t<div class=\"elementor-post__excerpt\">\n\t\t\t<p>Herbert Tucmandl, geboren 1966 in Wien, studierte Konzertfach Violoncello an der Wiener Musikuniversit\u00e4t (heute: mdw).<\/p>\n\t\t<\/div>\n\t\t\n\t\t<a class=\"elementor-post__read-more\" href=\"https:\/\/hiddenharmonies.at\/de\/head-of-project\/herbert-tucmandl\/\" aria-label=\"Read more about Herbert Tucmandl\" tabindex=\"-1\" >\n\t\t\tWeiterlesen \u00bb\t\t<\/a>\n\n\t\t\t\t<\/div>\n\t\t\t\t<\/article>\n\t\t\t\t<article class=\"elementor-post elementor-grid-item post-427 post type-post status-publish format-standard has-post-thumbnail hentry category-head-of-project\" role=\"listitem\">\n\t\t\t\t<a class=\"elementor-post__thumbnail__link\" href=\"https:\/\/hiddenharmonies.at\/de\/head-of-project\/artiist-2\/\" tabindex=\"-1\" >\n\t\t\t<div class=\"elementor-post__thumbnail\"><img decoding=\"async\" width=\"427\" height=\"640\" src=\"https:\/\/hiddenharmonies.at\/wp-content\/uploads\/2023\/12\/Stefan_Mendl.jpg\" class=\"attachment-full size-full wp-image-1888\" alt=\"\" srcset=\"https:\/\/hiddenharmonies.at\/wp-content\/uploads\/2023\/12\/Stefan_Mendl.jpg 427w, https:\/\/hiddenharmonies.at\/wp-content\/uploads\/2023\/12\/Stefan_Mendl-200x300.jpg 200w\" sizes=\"(max-width: 427px) 100vw, 427px\" \/><\/div>\n\t\t<\/a>\n\t\t\t\t<div class=\"elementor-post__text\">\n\t\t\t\t<h3 class=\"elementor-post__title\">\n\t\t\t<a href=\"https:\/\/hiddenharmonies.at\/de\/head-of-project\/artiist-2\/\" >\n\t\t\t\tStefan Mendl\t\t\t<\/a>\n\t\t<\/h3>\n\t\t\t\t<div class=\"elementor-post__excerpt\">\n\t\t\t<p>Stefan Mendl hat als Pianist und Kammermusiker \u2013 vor allem als Gr\u00fcndungsmitglied des \u201eWiener Klaviertrio-Vienna Piano Trio\u201c...<\/p>\n\t\t<\/div>\n\t\t\n\t\t<a class=\"elementor-post__read-more\" href=\"https:\/\/hiddenharmonies.at\/de\/head-of-project\/artiist-2\/\" aria-label=\"Read more about Stefan Mendl\" tabindex=\"-1\" >\n\t\t\tWeiterlesen \u00bb\t\t<\/a>\n\n\t\t\t\t<\/div>\n\t\t\t\t<\/article>\n\t\t\t\t<article class=\"elementor-post elementor-grid-item post-425 post type-post status-publish format-standard has-post-thumbnail hentry category-head-of-project\" role=\"listitem\">\n\t\t\t\t<a class=\"elementor-post__thumbnail__link\" href=\"https:\/\/hiddenharmonies.at\/de\/head-of-project\/sylvia-sagmeister\/\" tabindex=\"-1\" >\n\t\t\t<div class=\"elementor-post__thumbnail\"><img decoding=\"async\" width=\"426\" height=\"640\" src=\"https:\/\/hiddenharmonies.at\/wp-content\/uploads\/2023\/12\/Sylvia_Sagmeister.jpg\" class=\"attachment-full size-full wp-image-1891\" alt=\"\" srcset=\"https:\/\/hiddenharmonies.at\/wp-content\/uploads\/2023\/12\/Sylvia_Sagmeister.jpg 426w, https:\/\/hiddenharmonies.at\/wp-content\/uploads\/2023\/12\/Sylvia_Sagmeister-200x300.jpg 200w\" sizes=\"(max-width: 426px) 100vw, 426px\" \/><\/div>\n\t\t<\/a>\n\t\t\t\t<div class=\"elementor-post__text\">\n\t\t\t\t<h3 class=\"elementor-post__title\">\n\t\t\t<a href=\"https:\/\/hiddenharmonies.at\/de\/head-of-project\/sylvia-sagmeister\/\" >\n\t\t\t\tSylvia Sagmeister\t\t\t<\/a>\n\t\t<\/h3>\n\t\t\t\t<div class=\"elementor-post__excerpt\">\n\t\t\t<p>Sylvia Sagmeister studierte Klavier- und Instrumentalp\u00e4dagogik an der Universit\u00e4t f\u00fcr Musik und darstellende Kunst der Stadt Wien...<\/p>\n\t\t<\/div>\n\t\t\n\t\t<a class=\"elementor-post__read-more\" href=\"https:\/\/hiddenharmonies.at\/de\/head-of-project\/sylvia-sagmeister\/\" aria-label=\"Read more about Sylvia Sagmeister\" tabindex=\"-1\" >\n\t\t\tWeiterlesen \u00bb\t\t<\/a>\n\n\t\t\t\t<\/div>\n\t\t\t\t<\/article>\n\t\t\t\t<\/div>\n\t\t\n\t\t\t\t\t\t<\/div>\n\t\t\t\t<\/div>\n\t\t\t\t\t<\/div>\n\t\t\t\t<\/div>\n\t\t<div class=\"elementor-element elementor-element-816a23c e-flex e-con-boxed e-con e-parent\" data-id=\"816a23c\" data-element_type=\"container\" data-e-type=\"container\">\n\t\t\t\t\t<div class=\"e-con-inner\">\n\t\t\t\t<div class=\"elementor-element elementor-element-2e5df83 elementor-widget elementor-widget-heading\" data-id=\"2e5df83\" data-element_type=\"widget\" data-e-type=\"widget\" data-widget_type=\"heading.default\">\n\t\t\t\t<div class=\"elementor-widget-container\">\n\t\t\t\t\t<h3 class=\"elementor-heading-title elementor-size-default\">Synchron Stage Vienna<\/h3>\t\t\t\t<\/div>\n\t\t\t\t<\/div>\n\t\t\t\t<div class=\"elementor-element elementor-element-4051e0a elementor-widget elementor-widget-text-editor\" data-id=\"4051e0a\" data-element_type=\"widget\" data-e-type=\"widget\" data-widget_type=\"text-editor.default\">\n\t\t\t\t<div class=\"elementor-widget-container\">\n\t\t\t\t\t\t\t\t\t<p><span style=\"background-color: var( --e-global-color-7ba9d6a );\">Das historische Aufnahmestudio im Herzen Wiens bietet modernste Aufnahmetechnik und hervorragende Akustik f\u00fcr eine Vielzahl von Ensembles und Musikstilen \u2013 von Kammermusik bis zu gro\u00dfen Symphonieorchestern, von Film- und Fernsehmusik bis zu Videospielen. Viele internationale Produktionsfirmen nutzen die einzigartigen Eigenschaften des Studios, wie Hans Zimmers Remote Control Productions, Disney+, Amazon Video, BBC oder Tencent.<\/span><\/p><p><span style=\"background-color: var( --e-global-color-7ba9d6a ); color: var( --e-global-color-text ); font-family: var( --e-global-typography-text-font-family ), Sans-serif; font-style: inherit; font-weight: inherit;\">Vom Bau Anfang der 1940er Jahre teilte das Geb\u00e4ude seine Geschichte mit den Filmstudios am Rosenh\u00fcgel. Aufgrund der eingebauten \"Lenkwil\" Kinoorgel steht das Geb\u00e4ude unter Denkmalschutz. Bedeutende Klassik-K\u00fcnstler wie Karl B\u00f6hm, Herbert von Karajan und Yehudi Menuhin nutzten die Synchronhalle f\u00fcr viele legend\u00e4re Aufnahmen. Nach der Renovierung und Wiederer\u00f6ffnung im Jahr 2015 unter dem Namen \"Synchron Stage Vienna\" gilt die Einrichtung als eines der besten Aufnahmestudios der Welt.<\/span><\/p><p><span style=\"background-color: var( --e-global-color-7ba9d6a ); color: var( --e-global-color-text ); font-family: var( --e-global-typography-text-font-family ), Sans-serif; font-style: inherit; font-weight: inherit;\">Die Stage A, der gro\u00dfe Aufnahmesaal, bietet Platz f\u00fcr ein 130-k\u00f6pfiges Orchester und verf\u00fcgt \u00fcber au\u00dfergew\u00f6hnliche akustische Eigenschaften, ideal zur Erstellung immersiver Audioformate. Die \u201eControl A\u201c ist die majest\u00e4tische Br\u00fccke dieses beeindruckenden Studiokomplexes und gilt als einer der besten Regier\u00e4ume. Mit 115 m\u00b2 besteht reichlich Platz f\u00fcr Mitarbeitende aller Abteilungen und Zuh\u00f6rende gleicherma\u00dfen. Mit der riesigen SSL Duality Console k\u00f6nnen bis zu 96 Kan\u00e4le gleichzeitig aufgenommen werden.<\/span><\/p>\t\t\t\t\t\t\t\t<\/div>\n\t\t\t\t<\/div>\n\t\t\t\t\t<\/div>\n\t\t\t\t<\/div>\n\t\t<div class=\"elementor-element elementor-element-c5c9fff e-con-full e-flex e-con e-parent\" data-id=\"c5c9fff\" data-element_type=\"container\" data-e-type=\"container\">\n\t\t\t\t<div class=\"elementor-element elementor-element-8d8d901 elementor-arrows-position-inside elementor-widget elementor-widget-image-carousel\" data-id=\"8d8d901\" data-element_type=\"widget\" data-e-type=\"widget\" data-settings=\"{&quot;slides_to_show&quot;:&quot;1&quot;,&quot;slides_to_show_mobile&quot;:&quot;1&quot;,&quot;navigation&quot;:&quot;arrows&quot;,&quot;autoplay&quot;:&quot;yes&quot;,&quot;pause_on_hover&quot;:&quot;yes&quot;,&quot;pause_on_interaction&quot;:&quot;yes&quot;,&quot;autoplay_speed&quot;:5000,&quot;infinite&quot;:&quot;yes&quot;,&quot;effect&quot;:&quot;slide&quot;,&quot;speed&quot;:500}\" data-widget_type=\"image-carousel.default\">\n\t\t\t\t<div class=\"elementor-widget-container\">\n\t\t\t\t\t\t\t<div class=\"elementor-image-carousel-wrapper swiper\" role=\"region\" aria-roledescription=\"carousel\" aria-label=\"Bild Karussell\" dir=\"ltr\">\n\t\t\t<div class=\"elementor-image-carousel swiper-wrapper\" aria-live=\"off\">\n\t\t\t\t\t\t\t\t<div class=\"swiper-slide\" role=\"group\" aria-roledescription=\"slide\" aria-label=\"1 von 3\"><figure class=\"swiper-slide-inner\"><img decoding=\"async\" class=\"swiper-slide-image\" src=\"https:\/\/hiddenharmonies.at\/wp-content\/uploads\/2024\/02\/SSV_PressContent_BernhardMelbyeVoss2_1920x699.jpg\" alt=\"SSV_PressContent_BernhardMelbyeVoss2_1920x699\" \/><\/figure><\/div><div class=\"swiper-slide\" role=\"group\" aria-roledescription=\"slide\" aria-label=\"2 von 3\"><figure class=\"swiper-slide-inner\"><img decoding=\"async\" class=\"swiper-slide-image\" src=\"https:\/\/hiddenharmonies.at\/wp-content\/uploads\/2024\/02\/SSV_PressContent_GottfriedRabl_1920x699.jpg\" alt=\"SSV_PressContent_GottfriedRabl_1920x699\" \/><\/figure><\/div><div class=\"swiper-slide\" role=\"group\" aria-roledescription=\"slide\" aria-label=\"3 von 3\"><figure class=\"swiper-slide-inner\"><img decoding=\"async\" class=\"swiper-slide-image\" src=\"https:\/\/hiddenharmonies.at\/wp-content\/uploads\/2024\/02\/SSV_PressContent_StageA_Orchestra_close_1920x699.jpg\" alt=\"SSV_PressContent_StageA_Orchestra_close_1920x699\" \/><\/figure><\/div>\t\t\t<\/div>\n\t\t\t\t\t\t\t\t\t\t\t\t<div class=\"elementor-swiper-button elementor-swiper-button-prev\" role=\"button\" tabindex=\"0\">\n\t\t\t\t\t\t<svg aria-hidden=\"true\" class=\"e-font-icon-svg e-eicon-chevron-left\" viewbox=\"0 0 1000 1000\" xmlns=\"http:\/\/www.w3.org\/2000\/svg\"><path d=\"M646 125C629 125 613 133 604 142L308 442C296 454 292 471 292 487 292 504 296 521 308 533L604 854C617 867 629 875 646 875 663 875 679 871 692 858 704 846 713 829 713 812 713 796 708 779 692 767L438 487 692 225C700 217 708 204 708 187 708 171 704 154 692 142 675 129 663 125 646 125Z\"><\/path><\/svg>\t\t\t\t\t<\/div>\n\t\t\t\t\t<div class=\"elementor-swiper-button elementor-swiper-button-next\" role=\"button\" tabindex=\"0\">\n\t\t\t\t\t\t<svg aria-hidden=\"true\" class=\"e-font-icon-svg e-eicon-chevron-right\" viewbox=\"0 0 1000 1000\" xmlns=\"http:\/\/www.w3.org\/2000\/svg\"><path d=\"M696 533C708 521 713 504 713 487 713 471 708 454 696 446L400 146C388 133 375 125 354 125 338 125 325 129 313 142 300 154 292 171 292 187 292 204 296 221 308 233L563 492 304 771C292 783 288 800 288 817 288 833 296 850 308 863 321 871 338 875 354 875 371 875 388 867 400 854L696 533Z\"><\/path><\/svg>\t\t\t\t\t<\/div>\n\t\t\t\t\n\t\t\t\t\t\t\t\t\t<\/div>\n\t\t\t\t\t\t<\/div>\n\t\t\t\t<\/div>\n\t\t\t\t<\/div>\n\t\t<div class=\"elementor-element elementor-element-36ccabd e-flex e-con-boxed e-con e-parent\" data-id=\"36ccabd\" data-element_type=\"container\" data-e-type=\"container\">\n\t\t\t\t\t<div class=\"e-con-inner\">\n\t\t\t\t<div class=\"elementor-element elementor-element-3dd3103 elementor-widget elementor-widget-heading\" data-id=\"3dd3103\" data-element_type=\"widget\" data-e-type=\"widget\" data-widget_type=\"heading.default\">\n\t\t\t\t<div class=\"elementor-widget-container\">\n\t\t\t\t\t<h3 class=\"elementor-heading-title elementor-size-default\">Credits<\/h3>\t\t\t\t<\/div>\n\t\t\t\t<\/div>\n\t\t\t\t<div class=\"elementor-element elementor-element-4b7f1b9 elementor-widget elementor-widget-text-editor\" data-id=\"4b7f1b9\" data-element_type=\"widget\" data-e-type=\"widget\" data-widget_type=\"text-editor.default\">\n\t\t\t\t<div class=\"elementor-widget-container\">\n\t\t\t\t\t\t\t\t\t<p style=\"text-align: center;\"><span style=\"font-style: inherit; font-weight: inherit; color: var( --e-global-color-text ); font-family: var( --e-global-typography-text-font-family ), Sans-serif; background-color: var( --e-global-color-7ba9d6a );\">Producer: Herb Tucmandl<br \/><\/span><span style=\"background-color: var( --e-global-color-7ba9d6a ); color: var( --e-global-color-text ); font-family: var( --e-global-typography-text-font-family ), Sans-serif; font-style: inherit; font-weight: inherit;\">Artistic Director: Stefan Mendl<br \/><\/span><span style=\"font-style: inherit; font-weight: inherit; color: var( --e-global-color-text ); font-family: var( --e-global-typography-text-font-family ), Sans-serif; background-color: var( --e-global-color-7ba9d6a );\">Scientific Research: Sylvia Sagmeister<br \/><\/span><span style=\"background-color: var( --e-global-color-7ba9d6a ); color: var( --e-global-color-text ); font-family: var( --e-global-typography-text-font-family ), Sans-serif; font-style: inherit; font-weight: inherit;\">Recording Engineer: Tristan Linton, Lukas L\u00fctzow<br \/><\/span><span style=\"font-style: inherit; font-weight: inherit; color: var( --e-global-color-text ); font-family: var( --e-global-typography-text-font-family ), Sans-serif; background-color: var( --e-global-color-7ba9d6a );\">Mixing Engineer: Tristan Linton<br \/><\/span><span style=\"background-color: var( --e-global-color-7ba9d6a ); color: var( --e-global-color-text ); font-family: var( --e-global-typography-text-font-family ), Sans-serif; font-style: inherit; font-weight: inherit;\">Director of Photography: Martin Pauser<br \/><\/span><span style=\"background-color: var( --e-global-color-7ba9d6a ); color: var( --e-global-color-text ); font-family: var( --e-global-typography-text-font-family ), Sans-serif; font-style: inherit; font-weight: inherit;\">Remote Camera Operator: Daniel Mendl, Martin Funk<br \/><\/span><span style=\"background-color: var( --e-global-color-7ba9d6a ); color: var( --e-global-color-text ); font-family: var( --e-global-typography-text-font-family ), Sans-serif; font-style: inherit; font-weight: inherit;\">Video Editor: Martin Pauser<br \/><\/span><span style=\"font-style: inherit; font-weight: inherit; color: var( --e-global-color-text ); font-family: var( --e-global-typography-text-font-family ), Sans-serif; background-color: var( --e-global-color-7ba9d6a );\">Stage Manager: Roland Tscherne, Stephan Huber<br \/><\/span><span style=\"background-color: var( --e-global-color-7ba9d6a ); color: var( --e-global-color-text ); font-family: var( --e-global-typography-text-font-family ), Sans-serif; font-style: inherit; font-weight: inherit;\">Stage Hands: Mark Prahalad, Cameron Masters<br \/><\/span><span style=\"background-color: var( --e-global-color-7ba9d6a ); color: var( --e-global-color-text ); font-family: var( --e-global-typography-text-font-family ), Sans-serif; font-style: inherit; font-weight: inherit;\">Piano Tuner: Max Kubizek<br \/><\/span><span style=\"background-color: var( --e-global-color-7ba9d6a ); color: var( --e-global-color-text ); font-family: var( --e-global-typography-text-font-family ), Sans-serif; font-style: inherit; font-weight: inherit;\">Music Prep: Stefan H\u00f6ll, Sugi Shin<br \/><\/span><span style=\"background-color: var( --e-global-color-7ba9d6a ); color: var( --e-global-color-text ); font-family: var( --e-global-typography-text-font-family ), Sans-serif; font-style: inherit; font-weight: inherit;\">Marketing &amp; PR: Alexander Machat<br \/>Project Coordinator: Sabine Tucmandl<\/span><\/p><p style=\"text-align: center;\"><span style=\"font-style: inherit; font-weight: inherit; color: var( --e-global-color-text ); font-family: var( --e-global-typography-text-font-family ), Sans-serif; background-color: var( --e-global-color-7ba9d6a );\">www.synchronstage.com<\/span><\/p>\t\t\t\t\t\t\t\t<\/div>\n\t\t\t\t<\/div>\n\t\t\t\t\t<\/div>\n\t\t\t\t<\/div>\n\t\t\t\t<\/div>","protected":false},"excerpt":{"rendered":"<p>The Project Until well into the late 20th century, female composers were not or hardly ever taken seriously. Due to social norms, they could not attain the same status as their male counterparts nor were women in general considered to have the genius to create something extraordinary. Compositions by women were not given the same [&hellip;]<\/p>\n","protected":false},"author":2,"featured_media":0,"parent":0,"menu_order":0,"comment_status":"closed","ping_status":"closed","template":"","meta":{"site-sidebar-layout":"no-sidebar","site-content-layout":"","ast-site-content-layout":"full-width-container","site-content-style":"default","site-sidebar-style":"default","ast-global-header-display":"","ast-banner-title-visibility":"","ast-main-header-display":"","ast-hfb-above-header-display":"","ast-hfb-below-header-display":"","ast-hfb-mobile-header-display":"","site-post-title":"disabled","ast-breadcrumbs-content":"","ast-featured-img":"disabled","footer-sml-layout":"","ast-disable-related-posts":"","theme-transparent-header-meta":"","adv-header-id-meta":"","stick-header-meta":"","header-above-stick-meta":"","header-main-stick-meta":"","header-below-stick-meta":"","astra-migrate-meta-layouts":"default","ast-page-background-enabled":"default","ast-page-background-meta":{"desktop":{"background-color":"var(--ast-global-color-4)","background-image":"","background-repeat":"repeat","background-position":"center center","background-size":"auto","background-attachment":"scroll","background-type":"","background-media":"","overlay-type":"","overlay-color":"","overlay-opacity":"","overlay-gradient":""},"tablet":{"background-color":"","background-image":"","background-repeat":"repeat","background-position":"center center","background-size":"auto","background-attachment":"scroll","background-type":"","background-media":"","overlay-type":"","overlay-color":"","overlay-opacity":"","overlay-gradient":""},"mobile":{"background-color":"","background-image":"","background-repeat":"repeat","background-position":"center center","background-size":"auto","background-attachment":"scroll","background-type":"","background-media":"","overlay-type":"","overlay-color":"","overlay-opacity":"","overlay-gradient":""}},"ast-content-background-meta":{"desktop":{"background-color":"var(--ast-global-color-5)","background-image":"","background-repeat":"repeat","background-position":"center center","background-size":"auto","background-attachment":"scroll","background-type":"","background-media":"","overlay-type":"","overlay-color":"","overlay-opacity":"","overlay-gradient":""},"tablet":{"background-color":"var(--ast-global-color-5)","background-image":"","background-repeat":"repeat","background-position":"center center","background-size":"auto","background-attachment":"scroll","background-type":"","background-media":"","overlay-type":"","overlay-color":"","overlay-opacity":"","overlay-gradient":""},"mobile":{"background-color":"var(--ast-global-color-5)","background-image":"","background-repeat":"repeat","background-position":"center center","background-size":"auto","background-attachment":"scroll","background-type":"","background-media":"","overlay-type":"","overlay-color":"","overlay-opacity":"","overlay-gradient":""}},"footnotes":""},"class_list":["post-2906","page","type-page","status-publish","hentry"],"_links":{"self":[{"href":"https:\/\/hiddenharmonies.at\/de\/wp-json\/wp\/v2\/pages\/2906","targetHints":{"allow":["GET"]}}],"collection":[{"href":"https:\/\/hiddenharmonies.at\/de\/wp-json\/wp\/v2\/pages"}],"about":[{"href":"https:\/\/hiddenharmonies.at\/de\/wp-json\/wp\/v2\/types\/page"}],"author":[{"embeddable":true,"href":"https:\/\/hiddenharmonies.at\/de\/wp-json\/wp\/v2\/users\/2"}],"replies":[{"embeddable":true,"href":"https:\/\/hiddenharmonies.at\/de\/wp-json\/wp\/v2\/comments?post=2906"}],"version-history":[{"count":81,"href":"https:\/\/hiddenharmonies.at\/de\/wp-json\/wp\/v2\/pages\/2906\/revisions"}],"predecessor-version":[{"id":4113,"href":"https:\/\/hiddenharmonies.at\/de\/wp-json\/wp\/v2\/pages\/2906\/revisions\/4113"}],"wp:attachment":[{"href":"https:\/\/hiddenharmonies.at\/de\/wp-json\/wp\/v2\/media?parent=2906"}],"curies":[{"name":"wp","href":"https:\/\/api.w.org\/{rel}","templated":true}]}}