{"id":240,"date":"2023-12-04T07:35:01","date_gmt":"2023-12-04T07:35:01","guid":{"rendered":"https:\/\/hiddenharmonies.at\/?page_id=240"},"modified":"2024-06-14T09:54:51","modified_gmt":"2024-06-14T08:54:51","slug":"composers","status":"publish","type":"page","link":"https:\/\/hiddenharmonies.at\/de\/composers\/","title":{"rendered":"Komponistinnen"},"content":{"rendered":"<div data-elementor-type=\"wp-page\" data-elementor-id=\"240\" class=\"elementor elementor-240\" data-elementor-post-type=\"page\">\n\t\t\t\t<div class=\"elementor-element elementor-element-ac5566b e-con-full e-flex e-con e-parent\" data-id=\"ac5566b\" data-element_type=\"container\" data-e-type=\"container\" data-settings=\"{&quot;background_background&quot;:&quot;classic&quot;}\">\n\t\t\t\t<div class=\"elementor-element elementor-element-df0ba64 elementor-invisible elementor-widget elementor-widget-heading\" data-id=\"df0ba64\" data-element_type=\"widget\" data-e-type=\"widget\" data-settings=\"{&quot;_animation&quot;:&quot;fadeInUp&quot;}\" data-widget_type=\"heading.default\">\n\t\t\t\t<div class=\"elementor-widget-container\">\n\t\t\t\t\t<h2 class=\"elementor-heading-title elementor-size-default\">Komponistinnen<\/h2>\t\t\t\t<\/div>\n\t\t\t\t<\/div>\n\t\t\t\t<\/div>\n\t\t<div class=\"elementor-element elementor-element-bc08f75 e-flex e-con-boxed e-con e-parent\" data-id=\"bc08f75\" data-element_type=\"container\" data-e-type=\"container\" data-settings=\"{&quot;background_background&quot;:&quot;classic&quot;}\">\n\t\t\t\t\t<div class=\"e-con-inner\">\n\t\t\t\t\t<\/div>\n\t\t\t\t<\/div>\n\t\t<div class=\"elementor-element elementor-element-3cfebfa e-flex e-con-boxed e-con e-parent\" data-id=\"3cfebfa\" data-element_type=\"container\" data-e-type=\"container\" data-settings=\"{&quot;background_background&quot;:&quot;classic&quot;}\">\n\t\t\t\t\t<div class=\"e-con-inner\">\n\t\t\t\t<div class=\"elementor-element elementor-element-d58e653 elementor-posts--align-left elementor-grid-3 elementor-grid-tablet-2 elementor-grid-mobile-1 elementor-posts--thumbnail-top elementor-widget elementor-widget-posts\" data-id=\"d58e653\" data-element_type=\"widget\" data-e-type=\"widget\" data-settings=\"{&quot;classic_row_gap&quot;:{&quot;unit&quot;:&quot;px&quot;,&quot;size&quot;:60,&quot;sizes&quot;:[]},&quot;classic_columns&quot;:&quot;3&quot;,&quot;classic_columns_tablet&quot;:&quot;2&quot;,&quot;classic_columns_mobile&quot;:&quot;1&quot;,&quot;classic_row_gap_tablet&quot;:{&quot;unit&quot;:&quot;px&quot;,&quot;size&quot;:&quot;&quot;,&quot;sizes&quot;:[]},&quot;classic_row_gap_mobile&quot;:{&quot;unit&quot;:&quot;px&quot;,&quot;size&quot;:&quot;&quot;,&quot;sizes&quot;:[]}}\" data-widget_type=\"posts.classic\">\n\t\t\t\t<div class=\"elementor-widget-container\">\n\t\t\t\t\t\t\t<div class=\"elementor-posts-container elementor-posts elementor-posts--skin-classic elementor-grid\" role=\"list\">\n\t\t\t\t<article class=\"elementor-post elementor-grid-item post-1773 post type-post status-publish format-standard has-post-thumbnail hentry category-composer\" role=\"listitem\">\n\t\t\t\t<a class=\"elementor-post__thumbnail__link\" href=\"https:\/\/hiddenharmonies.at\/de\/composer\/josepha-von-auernhammer\/\" tabindex=\"-1\" >\n\t\t\t<div class=\"elementor-post__thumbnail\"><img fetchpriority=\"high\" decoding=\"async\" width=\"819\" height=\"1024\" src=\"https:\/\/hiddenharmonies.at\/wp-content\/uploads\/2023\/12\/01_Josepha-von-Auernhammer-topaz-819x1024.jpg\" class=\"attachment-large size-large wp-image-295\" alt=\"\" srcset=\"https:\/\/hiddenharmonies.at\/wp-content\/uploads\/2023\/12\/01_Josepha-von-Auernhammer-topaz-819x1024.jpg 819w, https:\/\/hiddenharmonies.at\/wp-content\/uploads\/2023\/12\/01_Josepha-von-Auernhammer-topaz-240x300.jpg 240w, https:\/\/hiddenharmonies.at\/wp-content\/uploads\/2023\/12\/01_Josepha-von-Auernhammer-topaz-768x960.jpg 768w, https:\/\/hiddenharmonies.at\/wp-content\/uploads\/2023\/12\/01_Josepha-von-Auernhammer-topaz-1229x1536.jpg 1229w, https:\/\/hiddenharmonies.at\/wp-content\/uploads\/2023\/12\/01_Josepha-von-Auernhammer-topaz-1639x2048.jpg 1639w, https:\/\/hiddenharmonies.at\/wp-content\/uploads\/2023\/12\/01_Josepha-von-Auernhammer-topaz.jpg 1969w\" sizes=\"(max-width: 819px) 100vw, 819px\" \/><\/div>\n\t\t<\/a>\n\t\t\t\t<div class=\"elementor-post__text\">\n\t\t\t\t<h3 class=\"elementor-post__title\">\n\t\t\t<a href=\"https:\/\/hiddenharmonies.at\/de\/composer\/josepha-von-auernhammer\/\" >\n\t\t\t\tJosepha von Auernhammer\t\t\t<\/a>\n\t\t<\/h3>\n\t\t\t\t<div class=\"elementor-post__excerpt\">\n\t\t\t<p>Josepha von Auernhammer wurde als elftes von f\u00fcnfzehn Kindern in Wien geboren. \u00dcber ihre musikalische Ausbildung als Kind...<\/p>\n\t\t<\/div>\n\t\t\n\t\t<a class=\"elementor-post__read-more\" href=\"https:\/\/hiddenharmonies.at\/de\/composer\/josepha-von-auernhammer\/\" aria-label=\"Read more about Josepha von Auernhammer\" tabindex=\"-1\" >\n\t\t\tWeiterlesen \u00bb\t\t<\/a>\n\n\t\t\t\t<\/div>\n\t\t\t\t<\/article>\n\t\t\t\t<article class=\"elementor-post elementor-grid-item post-1810 post type-post status-publish format-standard has-post-thumbnail hentry category-composer\" role=\"listitem\">\n\t\t\t\t<a class=\"elementor-post__thumbnail__link\" href=\"https:\/\/hiddenharmonies.at\/de\/composer\/maria-bach\/\" tabindex=\"-1\" >\n\t\t\t<div class=\"elementor-post__thumbnail\"><img decoding=\"async\" width=\"819\" height=\"1024\" src=\"https:\/\/hiddenharmonies.at\/wp-content\/uploads\/2023\/12\/07_Maria-Bach-3-646x684-topaz-819x1024.jpg\" class=\"attachment-large size-large wp-image-620\" alt=\"\" srcset=\"https:\/\/hiddenharmonies.at\/wp-content\/uploads\/2023\/12\/07_Maria-Bach-3-646x684-topaz-819x1024.jpg 819w, https:\/\/hiddenharmonies.at\/wp-content\/uploads\/2023\/12\/07_Maria-Bach-3-646x684-topaz-240x300.jpg 240w, https:\/\/hiddenharmonies.at\/wp-content\/uploads\/2023\/12\/07_Maria-Bach-3-646x684-topaz-768x960.jpg 768w, https:\/\/hiddenharmonies.at\/wp-content\/uploads\/2023\/12\/07_Maria-Bach-3-646x684-topaz-1229x1536.jpg 1229w, https:\/\/hiddenharmonies.at\/wp-content\/uploads\/2023\/12\/07_Maria-Bach-3-646x684-topaz-1638x2048.jpg 1638w, https:\/\/hiddenharmonies.at\/wp-content\/uploads\/2023\/12\/07_Maria-Bach-3-646x684-topaz-scaled.jpg 2048w\" sizes=\"(max-width: 819px) 100vw, 819px\" \/><\/div>\n\t\t<\/a>\n\t\t\t\t<div class=\"elementor-post__text\">\n\t\t\t\t<h3 class=\"elementor-post__title\">\n\t\t\t<a href=\"https:\/\/hiddenharmonies.at\/de\/composer\/maria-bach\/\" >\n\t\t\t\tMaria Bach\t\t\t<\/a>\n\t\t<\/h3>\n\t\t\t\t<div class=\"elementor-post__excerpt\">\n\t\t\t<p>Geboren in Wien wuchs Maria Bach in einem musikalischen Elternhaus auf Schloss Leesdorf, sp\u00e4ter auf Schloss...<\/p>\n\t\t<\/div>\n\t\t\n\t\t<a class=\"elementor-post__read-more\" href=\"https:\/\/hiddenharmonies.at\/de\/composer\/maria-bach\/\" aria-label=\"Read more about Maria Bach\" tabindex=\"-1\" >\n\t\t\tWeiterlesen \u00bb\t\t<\/a>\n\n\t\t\t\t<\/div>\n\t\t\t\t<\/article>\n\t\t\t\t<article class=\"elementor-post elementor-grid-item post-1784 post type-post status-publish format-standard has-post-thumbnail hentry category-composer\" role=\"listitem\">\n\t\t\t\t<a class=\"elementor-post__thumbnail__link\" href=\"https:\/\/hiddenharmonies.at\/de\/composer\/julie-von-baroni-cavalcabo\/\" tabindex=\"-1\" >\n\t\t\t<div class=\"elementor-post__thumbnail\"><img decoding=\"async\" width=\"819\" height=\"1024\" src=\"https:\/\/hiddenharmonies.at\/wp-content\/uploads\/2023\/12\/03_Julie_Webenau_nee_Baroni-Cavalcabo-topaz-819x1024.jpg\" class=\"attachment-large size-large wp-image-301\" alt=\"\" srcset=\"https:\/\/hiddenharmonies.at\/wp-content\/uploads\/2023\/12\/03_Julie_Webenau_nee_Baroni-Cavalcabo-topaz-819x1024.jpg 819w, https:\/\/hiddenharmonies.at\/wp-content\/uploads\/2023\/12\/03_Julie_Webenau_nee_Baroni-Cavalcabo-topaz-240x300.jpg 240w, https:\/\/hiddenharmonies.at\/wp-content\/uploads\/2023\/12\/03_Julie_Webenau_nee_Baroni-Cavalcabo-topaz-768x960.jpg 768w, https:\/\/hiddenharmonies.at\/wp-content\/uploads\/2023\/12\/03_Julie_Webenau_nee_Baroni-Cavalcabo-topaz-1229x1536.jpg 1229w, https:\/\/hiddenharmonies.at\/wp-content\/uploads\/2023\/12\/03_Julie_Webenau_nee_Baroni-Cavalcabo-topaz.jpg 1508w\" sizes=\"(max-width: 819px) 100vw, 819px\" \/><\/div>\n\t\t<\/a>\n\t\t\t\t<div class=\"elementor-post__text\">\n\t\t\t\t<h3 class=\"elementor-post__title\">\n\t\t\t<a href=\"https:\/\/hiddenharmonies.at\/de\/composer\/julie-von-baroni-cavalcabo\/\" >\n\t\t\t\tJulie von Baroni-Cavalcab\u00f2\t\t\t<\/a>\n\t\t<\/h3>\n\t\t\t\t<div class=\"elementor-post__excerpt\">\n\t\t\t<p>Geboren in Lemberg verbrachte Julie Baroni-Cavalcabo ihre Kindheit und Jugend in einem Haus, das f\u00fcr seine...<\/p>\n\t\t<\/div>\n\t\t\n\t\t<a class=\"elementor-post__read-more\" href=\"https:\/\/hiddenharmonies.at\/de\/composer\/julie-von-baroni-cavalcabo\/\" aria-label=\"Read more about Julie von Baroni-Cavalcab\u00f2\" tabindex=\"-1\" >\n\t\t\tWeiterlesen \u00bb\t\t<\/a>\n\n\t\t\t\t<\/div>\n\t\t\t\t<\/article>\n\t\t\t\t<article class=\"elementor-post elementor-grid-item post-1879 post type-post status-publish format-standard has-post-thumbnail hentry category-composer\" role=\"listitem\">\n\t\t\t\t<a class=\"elementor-post__thumbnail__link\" href=\"https:\/\/hiddenharmonies.at\/de\/composer\/leopoldine-blahetka\/\" tabindex=\"-1\" >\n\t\t\t<div class=\"elementor-post__thumbnail\"><img loading=\"lazy\" decoding=\"async\" width=\"819\" height=\"1024\" src=\"https:\/\/hiddenharmonies.at\/wp-content\/uploads\/2023\/12\/02_ALT_Leopoldine-Blahetka-topaz_1-819x1024.jpg\" class=\"attachment-large size-large wp-image-298\" alt=\"\" srcset=\"https:\/\/hiddenharmonies.at\/wp-content\/uploads\/2023\/12\/02_ALT_Leopoldine-Blahetka-topaz_1-819x1024.jpg 819w, https:\/\/hiddenharmonies.at\/wp-content\/uploads\/2023\/12\/02_ALT_Leopoldine-Blahetka-topaz_1-240x300.jpg 240w, https:\/\/hiddenharmonies.at\/wp-content\/uploads\/2023\/12\/02_ALT_Leopoldine-Blahetka-topaz_1-768x960.jpg 768w, https:\/\/hiddenharmonies.at\/wp-content\/uploads\/2023\/12\/02_ALT_Leopoldine-Blahetka-topaz_1-1229x1536.jpg 1229w, https:\/\/hiddenharmonies.at\/wp-content\/uploads\/2023\/12\/02_ALT_Leopoldine-Blahetka-topaz_1-1638x2048.jpg 1638w, https:\/\/hiddenharmonies.at\/wp-content\/uploads\/2023\/12\/02_ALT_Leopoldine-Blahetka-topaz_1-scaled.jpg 2048w\" sizes=\"(max-width: 819px) 100vw, 819px\" \/><\/div>\n\t\t<\/a>\n\t\t\t\t<div class=\"elementor-post__text\">\n\t\t\t\t<h3 class=\"elementor-post__title\">\n\t\t\t<a href=\"https:\/\/hiddenharmonies.at\/de\/composer\/leopoldine-blahetka\/\" >\n\t\t\t\tLeopoldine Blahetka\t\t\t<\/a>\n\t\t<\/h3>\n\t\t\t\t<div class=\"elementor-post__excerpt\">\n\t\t\t<p>Geboren in Guntramsdorf bei Wien fiel Leopoldine bereits im Alter von sechs Jahren wegen ihrer pianistischen Begabung auf und wurde in zahlreichen...<\/p>\n\t\t<\/div>\n\t\t\n\t\t<a class=\"elementor-post__read-more\" href=\"https:\/\/hiddenharmonies.at\/de\/composer\/leopoldine-blahetka\/\" aria-label=\"Read more about Leopoldine Blahetka\" tabindex=\"-1\" >\n\t\t\tWeiterlesen \u00bb\t\t<\/a>\n\n\t\t\t\t<\/div>\n\t\t\t\t<\/article>\n\t\t\t\t<article class=\"elementor-post elementor-grid-item post-1798 post type-post status-publish format-standard has-post-thumbnail hentry category-composer\" role=\"listitem\">\n\t\t\t\t<a class=\"elementor-post__thumbnail__link\" href=\"https:\/\/hiddenharmonies.at\/de\/composer\/kitty-von-escherich\/\" tabindex=\"-1\" >\n\t\t\t<div class=\"elementor-post__thumbnail\"><img loading=\"lazy\" decoding=\"async\" width=\"819\" height=\"1024\" src=\"https:\/\/hiddenharmonies.at\/wp-content\/uploads\/2023\/12\/05_Kitty-von-Escherich-topaz-819x1024.jpg\" class=\"attachment-large size-large wp-image-307\" alt=\"\" srcset=\"https:\/\/hiddenharmonies.at\/wp-content\/uploads\/2023\/12\/05_Kitty-von-Escherich-topaz-819x1024.jpg 819w, https:\/\/hiddenharmonies.at\/wp-content\/uploads\/2023\/12\/05_Kitty-von-Escherich-topaz-240x300.jpg 240w, https:\/\/hiddenharmonies.at\/wp-content\/uploads\/2023\/12\/05_Kitty-von-Escherich-topaz-768x960.jpg 768w, https:\/\/hiddenharmonies.at\/wp-content\/uploads\/2023\/12\/05_Kitty-von-Escherich-topaz-1229x1536.jpg 1229w, https:\/\/hiddenharmonies.at\/wp-content\/uploads\/2023\/12\/05_Kitty-von-Escherich-topaz-1638x2048.jpg 1638w, https:\/\/hiddenharmonies.at\/wp-content\/uploads\/2023\/12\/05_Kitty-von-Escherich-topaz-scaled.jpg 2048w\" sizes=\"(max-width: 819px) 100vw, 819px\" \/><\/div>\n\t\t<\/a>\n\t\t\t\t<div class=\"elementor-post__text\">\n\t\t\t\t<h3 class=\"elementor-post__title\">\n\t\t\t<a href=\"https:\/\/hiddenharmonies.at\/de\/composer\/kitty-von-escherich\/\" >\n\t\t\t\tKitty von Escherich\t\t\t<\/a>\n\t\t<\/h3>\n\t\t\t\t<div class=\"elementor-post__excerpt\">\n\t\t\t<p>Kitty von Escherich wurde in Varazdin als j\u00fcngstes Kind in eine Familie geboren, in der Musik eine gro\u00dfe Rolle spielte. So gr\u00fcndete ihr Vater, ein Gutsverwalter...<\/p>\n\t\t<\/div>\n\t\t\n\t\t<a class=\"elementor-post__read-more\" href=\"https:\/\/hiddenharmonies.at\/de\/composer\/kitty-von-escherich\/\" aria-label=\"Read more about Kitty von Escherich\" tabindex=\"-1\" >\n\t\t\tWeiterlesen \u00bb\t\t<\/a>\n\n\t\t\t\t<\/div>\n\t\t\t\t<\/article>\n\t\t\t\t<article class=\"elementor-post elementor-grid-item post-1748 post type-post status-publish format-standard has-post-thumbnail hentry category-composer\" role=\"listitem\">\n\t\t\t\t<a class=\"elementor-post__thumbnail__link\" href=\"https:\/\/hiddenharmonies.at\/de\/composer\/maria-anna-gary\/\" tabindex=\"-1\" >\n\t\t\t<div class=\"elementor-post__thumbnail\"><img loading=\"lazy\" decoding=\"async\" width=\"630\" height=\"788\" src=\"https:\/\/hiddenharmonies.at\/wp-content\/uploads\/2023\/12\/Marie-Anna-Gary-topaz.jpg\" class=\"attachment-large size-large wp-image-1853\" alt=\"\" srcset=\"https:\/\/hiddenharmonies.at\/wp-content\/uploads\/2023\/12\/Marie-Anna-Gary-topaz.jpg 630w, https:\/\/hiddenharmonies.at\/wp-content\/uploads\/2023\/12\/Marie-Anna-Gary-topaz-240x300.jpg 240w\" sizes=\"(max-width: 630px) 100vw, 630px\" \/><\/div>\n\t\t<\/a>\n\t\t\t\t<div class=\"elementor-post__text\">\n\t\t\t\t<h3 class=\"elementor-post__title\">\n\t\t\t<a href=\"https:\/\/hiddenharmonies.at\/de\/composer\/maria-anna-gary\/\" >\n\t\t\t\tMaria Anna Gary\t\t\t<\/a>\n\t\t<\/h3>\n\t\t\t\t<div class=\"elementor-post__excerpt\">\n\t\t\t<p>Die geborene Wienerin studierte an der heutigen Universit\u00e4t f\u00fcr Musik und darstellende Kunst Wien (mdw) Orgel bei Karl Walter und Komposition bei...<\/p>\n\t\t<\/div>\n\t\t\n\t\t<a class=\"elementor-post__read-more\" href=\"https:\/\/hiddenharmonies.at\/de\/composer\/maria-anna-gary\/\" aria-label=\"Read more about Maria Anna Gary\" tabindex=\"-1\" >\n\t\t\tWeiterlesen \u00bb\t\t<\/a>\n\n\t\t\t\t<\/div>\n\t\t\t\t<\/article>\n\t\t\t\t<article class=\"elementor-post elementor-grid-item post-1828 post type-post status-publish format-standard has-post-thumbnail hentry category-composer\" role=\"listitem\">\n\t\t\t\t<a class=\"elementor-post__thumbnail__link\" href=\"https:\/\/hiddenharmonies.at\/de\/composer\/petronella-goring\/\" tabindex=\"-1\" >\n\t\t\t<div class=\"elementor-post__thumbnail\"><img loading=\"lazy\" decoding=\"async\" width=\"819\" height=\"1024\" src=\"https:\/\/hiddenharmonies.at\/wp-content\/uploads\/2023\/12\/08_csm_1_Goering_Portrait_cc76e2c8db-topaz-819x1024.jpg\" class=\"attachment-large size-large wp-image-623\" alt=\"\" srcset=\"https:\/\/hiddenharmonies.at\/wp-content\/uploads\/2023\/12\/08_csm_1_Goering_Portrait_cc76e2c8db-topaz-819x1024.jpg 819w, https:\/\/hiddenharmonies.at\/wp-content\/uploads\/2023\/12\/08_csm_1_Goering_Portrait_cc76e2c8db-topaz-240x300.jpg 240w, https:\/\/hiddenharmonies.at\/wp-content\/uploads\/2023\/12\/08_csm_1_Goering_Portrait_cc76e2c8db-topaz-768x960.jpg 768w, https:\/\/hiddenharmonies.at\/wp-content\/uploads\/2023\/12\/08_csm_1_Goering_Portrait_cc76e2c8db-topaz-1229x1536.jpg 1229w, https:\/\/hiddenharmonies.at\/wp-content\/uploads\/2023\/12\/08_csm_1_Goering_Portrait_cc76e2c8db-topaz-1638x2048.jpg 1638w, https:\/\/hiddenharmonies.at\/wp-content\/uploads\/2023\/12\/08_csm_1_Goering_Portrait_cc76e2c8db-topaz.jpg 1674w\" sizes=\"(max-width: 819px) 100vw, 819px\" \/><\/div>\n\t\t<\/a>\n\t\t\t\t<div class=\"elementor-post__text\">\n\t\t\t\t<h3 class=\"elementor-post__title\">\n\t\t\t<a href=\"https:\/\/hiddenharmonies.at\/de\/composer\/petronella-goring\/\" >\n\t\t\t\tPetronella G\u00f6ring\t\t\t<\/a>\n\t\t<\/h3>\n\t\t\t\t<div class=\"elementor-post__excerpt\">\n\t\t\t<p>Als einziges Kind eines Zahnarztes und einer musikalischen und vielseitig interessierten Mutter, kam Petronella sehr fr\u00fch mit Musik in Kontakt. Trotz...<\/p>\n\t\t<\/div>\n\t\t\n\t\t<a class=\"elementor-post__read-more\" href=\"https:\/\/hiddenharmonies.at\/de\/composer\/petronella-goring\/\" aria-label=\"Read more about Petronella G\u00f6ring\" tabindex=\"-1\" >\n\t\t\tWeiterlesen \u00bb\t\t<\/a>\n\n\t\t\t\t<\/div>\n\t\t\t\t<\/article>\n\t\t\t\t<article class=\"elementor-post elementor-grid-item post-1845 post type-post status-publish format-standard has-post-thumbnail hentry category-composer\" role=\"listitem\">\n\t\t\t\t<a class=\"elementor-post__thumbnail__link\" href=\"https:\/\/hiddenharmonies.at\/de\/composer\/johanna-muller-hermann\/\" tabindex=\"-1\" >\n\t\t\t<div class=\"elementor-post__thumbnail\"><img loading=\"lazy\" decoding=\"async\" width=\"819\" height=\"1024\" src=\"https:\/\/hiddenharmonies.at\/wp-content\/uploads\/2023\/12\/09_csm_1_Mueller-Hermann_Portraet_1030978342-topaz-819x1024.jpg\" class=\"attachment-large size-large wp-image-626\" alt=\"\" srcset=\"https:\/\/hiddenharmonies.at\/wp-content\/uploads\/2023\/12\/09_csm_1_Mueller-Hermann_Portraet_1030978342-topaz-819x1024.jpg 819w, https:\/\/hiddenharmonies.at\/wp-content\/uploads\/2023\/12\/09_csm_1_Mueller-Hermann_Portraet_1030978342-topaz-240x300.jpg 240w, https:\/\/hiddenharmonies.at\/wp-content\/uploads\/2023\/12\/09_csm_1_Mueller-Hermann_Portraet_1030978342-topaz-768x960.jpg 768w, https:\/\/hiddenharmonies.at\/wp-content\/uploads\/2023\/12\/09_csm_1_Mueller-Hermann_Portraet_1030978342-topaz-1229x1536.jpg 1229w, https:\/\/hiddenharmonies.at\/wp-content\/uploads\/2023\/12\/09_csm_1_Mueller-Hermann_Portraet_1030978342-topaz-1638x2048.jpg 1638w, https:\/\/hiddenharmonies.at\/wp-content\/uploads\/2023\/12\/09_csm_1_Mueller-Hermann_Portraet_1030978342-topaz.jpg 1900w\" sizes=\"(max-width: 819px) 100vw, 819px\" \/><\/div>\n\t\t<\/a>\n\t\t\t\t<div class=\"elementor-post__text\">\n\t\t\t\t<h3 class=\"elementor-post__title\">\n\t\t\t<a href=\"https:\/\/hiddenharmonies.at\/de\/composer\/johanna-muller-hermann\/\" >\n\t\t\t\tJohanna M\u00fcller-Hermann\t\t\t<\/a>\n\t\t<\/h3>\n\t\t\t\t<div class=\"elementor-post__excerpt\">\n\t\t\t<p>Johanna M\u00fcller-Hermann entstammte einer angesehenen Beamtenfamilie in Wien, in der vor allem von der in Gesang ausgebildeten Mutter gro\u00dfes...<\/p>\n\t\t<\/div>\n\t\t\n\t\t<a class=\"elementor-post__read-more\" href=\"https:\/\/hiddenharmonies.at\/de\/composer\/johanna-muller-hermann\/\" aria-label=\"Read more about Johanna M\u00fcller-Hermann\" tabindex=\"-1\" >\n\t\t\tWeiterlesen \u00bb\t\t<\/a>\n\n\t\t\t\t<\/div>\n\t\t\t\t<\/article>\n\t\t\t\t<article class=\"elementor-post elementor-grid-item post-1836 post type-post status-publish format-standard has-post-thumbnail hentry category-composer\" role=\"listitem\">\n\t\t\t\t<a class=\"elementor-post__thumbnail__link\" href=\"https:\/\/hiddenharmonies.at\/de\/composer\/vilma-von-webenau\/\" tabindex=\"-1\" >\n\t\t\t<div class=\"elementor-post__thumbnail\"><img loading=\"lazy\" decoding=\"async\" width=\"819\" height=\"1024\" src=\"https:\/\/hiddenharmonies.at\/wp-content\/uploads\/2023\/12\/04_Vilma_von_Webenau-topaz-819x1024.jpg\" class=\"attachment-large size-large wp-image-304\" alt=\"\" srcset=\"https:\/\/hiddenharmonies.at\/wp-content\/uploads\/2023\/12\/04_Vilma_von_Webenau-topaz-819x1024.jpg 819w, https:\/\/hiddenharmonies.at\/wp-content\/uploads\/2023\/12\/04_Vilma_von_Webenau-topaz-240x300.jpg 240w, https:\/\/hiddenharmonies.at\/wp-content\/uploads\/2023\/12\/04_Vilma_von_Webenau-topaz-768x960.jpg 768w, https:\/\/hiddenharmonies.at\/wp-content\/uploads\/2023\/12\/04_Vilma_von_Webenau-topaz-1229x1536.jpg 1229w, https:\/\/hiddenharmonies.at\/wp-content\/uploads\/2023\/12\/04_Vilma_von_Webenau-topaz-1639x2048.jpg 1639w, https:\/\/hiddenharmonies.at\/wp-content\/uploads\/2023\/12\/04_Vilma_von_Webenau-topaz-scaled.jpg 2048w\" sizes=\"(max-width: 819px) 100vw, 819px\" \/><\/div>\n\t\t<\/a>\n\t\t\t\t<div class=\"elementor-post__text\">\n\t\t\t\t<h3 class=\"elementor-post__title\">\n\t\t\t<a href=\"https:\/\/hiddenharmonies.at\/de\/composer\/vilma-von-webenau\/\" >\n\t\t\t\tVilma von Webenau\t\t\t<\/a>\n\t\t<\/h3>\n\t\t\t\t<div class=\"elementor-post__excerpt\">\n\t\t\t<p>Vilma von Webenau ist die Enkelin von Julie von Baroni-Cavalcab\u00f2. Sie wurde in Konstantinopel geboren, da ihr Vater an der Botschaft als Sekret\u00e4r und \u00dcbersetzer...<\/p>\n\t\t<\/div>\n\t\t\n\t\t<a class=\"elementor-post__read-more\" href=\"https:\/\/hiddenharmonies.at\/de\/composer\/vilma-von-webenau\/\" aria-label=\"Read more about Vilma von Webenau\" tabindex=\"-1\" >\n\t\t\tWeiterlesen \u00bb\t\t<\/a>\n\n\t\t\t\t<\/div>\n\t\t\t\t<\/article>\n\t\t\t\t<\/div>\n\t\t\n\t\t\t\t\t\t<\/div>\n\t\t\t\t<\/div>\n\t\t\t\t\t<\/div>\n\t\t\t\t<\/div>\n\t\t\t\t<\/div>","protected":false},"excerpt":{"rendered":"<p>Komponistinnen<\/p>","protected":false},"author":2,"featured_media":0,"parent":0,"menu_order":0,"comment_status":"closed","ping_status":"closed","template":"","meta":{"site-sidebar-layout":"no-sidebar","site-content-layout":"","ast-site-content-layout":"full-width-container","site-content-style":"default","site-sidebar-style":"default","ast-global-header-display":"","ast-banner-title-visibility":"","ast-main-header-display":"","ast-hfb-above-header-display":"","ast-hfb-below-header-display":"","ast-hfb-mobile-header-display":"","site-post-title":"disabled","ast-breadcrumbs-content":"","ast-featured-img":"disabled","footer-sml-layout":"","ast-disable-related-posts":"","theme-transparent-header-meta":"","adv-header-id-meta":"","stick-header-meta":"","header-above-stick-meta":"","header-main-stick-meta":"","header-below-stick-meta":"","astra-migrate-meta-layouts":"default","ast-page-background-enabled":"default","ast-page-background-meta":{"desktop":{"background-color":"var(--ast-global-color-4)","background-image":"","background-repeat":"repeat","background-position":"center center","background-size":"auto","background-attachment":"scroll","background-type":"","background-media":"","overlay-type":"","overlay-color":"","overlay-opacity":"","overlay-gradient":""},"tablet":{"background-color":"","background-image":"","background-repeat":"repeat","background-position":"center center","background-size":"auto","background-attachment":"scroll","background-type":"","background-media":"","overlay-type":"","overlay-color":"","overlay-opacity":"","overlay-gradient":""},"mobile":{"background-color":"","background-image":"","background-repeat":"repeat","background-position":"center center","background-size":"auto","background-attachment":"scroll","background-type":"","background-media":"","overlay-type":"","overlay-color":"","overlay-opacity":"","overlay-gradient":""}},"ast-content-background-meta":{"desktop":{"background-color":"var(--ast-global-color-5)","background-image":"","background-repeat":"repeat","background-position":"center center","background-size":"auto","background-attachment":"scroll","background-type":"","background-media":"","overlay-type":"","overlay-color":"","overlay-opacity":"","overlay-gradient":""},"tablet":{"background-color":"var(--ast-global-color-5)","background-image":"","background-repeat":"repeat","background-position":"center center","background-size":"auto","background-attachment":"scroll","background-type":"","background-media":"","overlay-type":"","overlay-color":"","overlay-opacity":"","overlay-gradient":""},"mobile":{"background-color":"var(--ast-global-color-5)","background-image":"","background-repeat":"repeat","background-position":"center center","background-size":"auto","background-attachment":"scroll","background-type":"","background-media":"","overlay-type":"","overlay-color":"","overlay-opacity":"","overlay-gradient":""}},"footnotes":""},"class_list":["post-240","page","type-page","status-publish","hentry"],"_links":{"self":[{"href":"https:\/\/hiddenharmonies.at\/de\/wp-json\/wp\/v2\/pages\/240","targetHints":{"allow":["GET"]}}],"collection":[{"href":"https:\/\/hiddenharmonies.at\/de\/wp-json\/wp\/v2\/pages"}],"about":[{"href":"https:\/\/hiddenharmonies.at\/de\/wp-json\/wp\/v2\/types\/page"}],"author":[{"embeddable":true,"href":"https:\/\/hiddenharmonies.at\/de\/wp-json\/wp\/v2\/users\/2"}],"replies":[{"embeddable":true,"href":"https:\/\/hiddenharmonies.at\/de\/wp-json\/wp\/v2\/comments?post=240"}],"version-history":[{"count":155,"href":"https:\/\/hiddenharmonies.at\/de\/wp-json\/wp\/v2\/pages\/240\/revisions"}],"predecessor-version":[{"id":4107,"href":"https:\/\/hiddenharmonies.at\/de\/wp-json\/wp\/v2\/pages\/240\/revisions\/4107"}],"wp:attachment":[{"href":"https:\/\/hiddenharmonies.at\/de\/wp-json\/wp\/v2\/media?parent=240"}],"curies":[{"name":"wp","href":"https:\/\/api.w.org\/{rel}","templated":true}]}}